{"id":1728,"date":"2017-02-26T21:17:51","date_gmt":"2017-02-26T20:17:51","guid":{"rendered":"http:\/\/residencecappella.ch\/de\/?page_id=1728"},"modified":"2017-02-26T23:34:13","modified_gmt":"2017-02-26T22:34:13","slug":"produkte-de-17","status":"publish","type":"page","link":"https:\/\/residencecappella.ch\/de\/produkte-de-17\/","title":{"rendered":"Produkte"},"content":{"rendered":"<p><span id=\"result_box\" class=\"\" lang=\"de\"><span class=\"hps\">In der &#8222;Residenz Cappella&#8220;<\/span> <span class=\"hps\">k\u00f6nnen Sie das<\/span> vor Ort gepresste<span class=\"hps\"> Oliven\u00f6l<\/span><span class=\"\">, wie auch die hausgemachten Marmeladen und<\/span>\u00a0Konserven probieren.<\/span><\/p>\n<p><span id=\"result_box\" class=\"\" lang=\"de\"><span class=\"hps\">An heissen Sommertagen geniessen Sie im Schatten der Olivenb\u00e4ume die selbstproduzierten, k\u00f6stlichen<\/span> und <span class=\"hps\">erfrischenden<\/span> <span class=\"hps\">Lik\u00f6re.<\/span> \u00a0<\/span><\/p>\n<p><span id=\"result_box\" class=\"\" lang=\"de\"><span class=\"hps\">Gleichzeitig haben Sie auch die M\u00f6glichkeit<\/span><span class=\"hps\">, mit der Gastgeberin\u00a0<\/span><span class=\"hps\">frische Pasta<\/span>\u00a0<span class=\"hps\">zuzubereiten.<\/span><\/span><\/p>\n<div id=\"isloaderfor-uvgzjd\" class=\"emgajxloader\"><\/div><div style=\"display: none;\" class=\"pagwrap-uvgzjd epgwrp\" id=\"nopagination\"><div class=\"easycontainer-uvgzjd easymedia_center lightboxuvgzjd emgclearfix emgpad\"><div style=\"width:120px; height:120px;\" class=\"easyitem hoverone view da-thumbs preloaderview fltr720\"><div class=\"iehand\"><a class=\"emg-cbox nofoobox\" href=\"https:\/\/residencecappella.ch\/wp-content\/uploads\/2015\/05\/piera_ravioli_04.png\" title=\"piera_ravioli\"><img  class=\"emglazy\" src=\"https:\/\/residencecappella.ch\/wp-content\/uploads\/2015\/05\/piera_ravioli_04-120x120_l.png\" alt=\"Piera_ravioli_04\" \/><article class=\"da-animate da-slideFromRight\"><p class=\"emgfittext\">piera_ravioli<\/p><div class=\"forspan\"><span class=\"zoom\"><\/span><\/div><\/article><\/a><\/div><\/div><div style=\"width:120px; height:120px;\" class=\"easyitem hoverone view da-thumbs preloaderview fltr720\"><div class=\"iehand\"><a class=\"emg-cbox nofoobox\" href=\"https:\/\/residencecappella.ch\/wp-content\/uploads\/2015\/05\/lorenzo_oel_04.png\" title=\"lorenzo_oel\"><img  class=\"emglazy\" src=\"https:\/\/residencecappella.ch\/wp-content\/uploads\/2015\/05\/lorenzo_oel_04-120x120_l.png\" alt=\"Lorenzo_oel_04\" \/><article class=\"da-animate da-slideFromRight\"><p class=\"emgfittext\">lorenzo_oel<\/p><div class=\"forspan\"><span class=\"zoom\"><\/span><\/div><\/article><\/a><\/div><\/div><div style=\"width:120px; height:120px;\" class=\"easyitem hoverone view da-thumbs preloaderview fltr720\"><div class=\"iehand\"><a class=\"emg-cbox nofoobox\" href=\"https:\/\/residencecappella.ch\/wp-content\/uploads\/2015\/05\/DSC_6873.png\" title=\"Products\"><img  class=\"emglazy\" src=\"https:\/\/residencecappella.ch\/wp-content\/uploads\/2015\/05\/DSC_6873-120x120_l.png\" alt=\"DSC_6873\" \/><article class=\"da-animate da-slideFromRight\"><p class=\"emgfittext\">Products<\/p><div class=\"forspan\"><span class=\"zoom\"><\/span><\/div><\/article><\/a><\/div><\/div>\r\n<div style=\"clear:both;\"><\/div><\/div><\/div><style type=\"text\/css\">\n.pagwrap-uvgzjd .preloaderview {min-width: 60px;min-height: 60px;}\n<\/style>\n<script type=\"text\/javascript\">\njQuery(document).ready(function($) {var $container = $('.easycontainer-uvgzjd');var $win = $(window);$container.emgisotope({itemSelector: '.easyitem',filter: '*',transformsEnabled: true,onLayout: function() {$win.trigger(\"scroll\");}});var $optionSets = $('.isofilcont-uvgzjd .emgoption-set'),$optionLinks = $optionSets.find('li'); \/\/@since 1.5.0.3\n$optionLinks.click(function(){var $this = $(this);if ( $this.hasClass('selected') ) {return false;}\nvar $optionSet = $this.parents('.emgoption-set');$optionSet.find('.selected').removeClass('selected');$this.addClass('selected');var options = {},key = $optionSet.attr('data-option-key'),value = $this.attr('data-option-value');value = value === 'false' ? false : value;options[ key ] = value;if ( key === 'layoutMode') {if ( typeof changeLayoutMode === 'function' ) {changeLayoutMode( $this, options )}} else {$container.emgisotope( options );}\nreturn false;});var imgLoad = emgimagesLoaded( jQuery(\".pagwrap-uvgzjd .iehand img\") );imgLoad.on( 'progress', function( instance, image ) {jQuery(image.img).readyLoad({ elementId: \"uvgzjd\", isPagination: '', isLazyload: 0, imageCount: \"3\" });});jQuery(\".pagwrap-uvgzjd\").fadeIn(1000);jQuery(\"#isloaderfor-uvgzjd\").hide();try {jQuery(\".easycontainer-uvgzjd\").emgisotope( 'reLayout' );} catch(e) {return true;}});<\/script><script type=\"text\/javascript\">\njQuery(document).ready(function() {jQuery(\".emg-cbox\").colorbox({current: \"{current} \/ {total}\",rel:'emg-cbox',returnFocus: false,slideshow: true,slideshowSpeed: 7000,scrolling: false,speed: 500,photo: true,fadeOut: 500,maxWidth: \"90%\",maxHeight: \"90%\",onComplete:function(){if(jQuery(\"#cboxTitle\").text().length > 1) {jQuery(\"#cboxTitle\").css(\"width\", jQuery(\".cboxPhoto\").width()-9);jQuery(\"#cboxTitle\").hide();jQuery(\"#cboxTitle\").fadeIn(500);} else {jQuery(\"#cboxTitle\").hide();}}});});<\/script>\n","protected":false},"excerpt":{"rendered":"<p>In der &#8222;Residenz Cappella&#8220; k\u00f6nnen Sie das vor Ort gepresste Oliven\u00f6l, wie auch die hausgemachten Marmeladen und\u00a0Konserven probieren. An heissen Sommertagen geniessen Sie im Schatten der Olivenb\u00e4ume die selbstproduzierten, k\u00f6stlichen und erfrischenden Lik\u00f6re. \u00a0 Gleichzeitig haben Sie auch die M\u00f6glichkeit, mit der Gastgeberin\u00a0frische Pasta\u00a0zuzubereiten.<\/p>\n","protected":false},"author":1,"featured_media":0,"parent":0,"menu_order":9,"comment_status":"closed","ping_status":"closed","template":"","meta":[],"_links":{"self":[{"href":"https:\/\/residencecappella.ch\/de\/wp-json\/wp\/v2\/pages\/1728\/"}],"collection":[{"href":"https:\/\/residencecappella.ch\/de\/wp-json\/wp\/v2\/pages\/"}],"about":[{"href":"https:\/\/residencecappella.ch\/de\/wp-json\/wp\/v2\/types\/page\/"}],"author":[{"embeddable":true,"href":"https:\/\/residencecappella.ch\/de\/wp-json\/wp\/v2\/users\/1\/"}],"replies":[{"embeddable":true,"href":"https:\/\/residencecappella.ch\/de\/wp-json\/wp\/v2\/comments\/?post=1728"}],"version-history":[{"count":2,"href":"https:\/\/residencecappella.ch\/de\/wp-json\/wp\/v2\/pages\/1728\/revisions\/"}],"predecessor-version":[{"id":1775,"href":"https:\/\/residencecappella.ch\/de\/wp-json\/wp\/v2\/pages\/1728\/revisions\/1775\/"}],"wp:attachment":[{"href":"https:\/\/residencecappella.ch\/de\/wp-json\/wp\/v2\/media\/?parent=1728"}],"curies":[{"name":"wp","href":"https:\/\/api.w.org\/{rel}","templated":true}]}}