{"id":1715,"date":"2017-02-26T21:16:21","date_gmt":"2017-02-26T20:16:21","guid":{"rendered":"http:\/\/residencecappella.ch\/de\/?page_id=1715"},"modified":"2017-02-27T10:48:10","modified_gmt":"2017-02-27T09:48:10","slug":"buchen-de-17","status":"publish","type":"page","link":"https:\/\/residencecappella.ch\/de\/buchen-de-17\/","title":{"rendered":"Buchen"},"content":{"rendered":"<p><span id=\"result_box\" lang=\"de\"><span class=\"hps\">Haben Sie <\/span><span class=\"hps\">Ihre<\/span> <span class=\"hps\">Wahl getroffen<\/span>; <span class=\"hps\">dann<\/span> <span class=\"hps\">f\u00fcllen<\/span> <span class=\"hps\">Sie die unten stehenden Felder aus<\/span> f\u00fcr eine Buchung aus.<br \/>\n<span class=\"hps\">Ansonsten<\/span> <span class=\"hps\">fordern Sie einen<\/span> <span class=\"hps\"><a href=\"https:\/\/residencecappella.ch\/de\/kontakt-de-17\/\">Mietvorschlag<\/a> an<\/span><span class=\"hps\">.<\/span><\/span><\/p>\n<div role=\"form\" class=\"wpcf7\" id=\"wpcf7-f473-o1\" lang=\"de-DE\" dir=\"ltr\">\n<div class=\"screen-reader-response\"><p role=\"status\" aria-live=\"polite\" aria-atomic=\"true\"><\/p> <ul><\/ul><\/div>\n<form action=\"\/de\/wp-json\/wp\/v2\/pages\/1715\/#wpcf7-f473-o1\" method=\"post\" class=\"wpcf7-form init\" novalidate=\"novalidate\" data-status=\"init\">\n<div style=\"display: none;\">\n<input type=\"hidden\" name=\"_wpcf7\" value=\"473\" \/>\n<input type=\"hidden\" name=\"_wpcf7_version\" value=\"5.5.6\" \/>\n<input type=\"hidden\" name=\"_wpcf7_locale\" value=\"de_DE\" \/>\n<input type=\"hidden\" name=\"_wpcf7_unit_tag\" value=\"wpcf7-f473-o1\" \/>\n<input type=\"hidden\" name=\"_wpcf7_container_post\" value=\"0\" \/>\n<input type=\"hidden\" name=\"_wpcf7_posted_data_hash\" value=\"\" \/>\n<\/div>\n<table class=\"tablePreisliste\" width=\"98%\"> \n  <thead>\n    <tr>\n      <th width=\"50%\">Haus  (erste Wahl)* :<br><\/th>\n      <th>Falls das gew\u00fcnschte Haus f\u00fcr die erw\u00e4hnten Daten schon vermietet ist, bin ich einverstanden als 2. Wahl, das folgende Haus zu belegen: <\/th>\n    <\/tr>\n  <\/thead>  \n  <tbody>  \n       <tr>\n      <td data-label=\"Haus 1\" ><div class=\"form-group wpcf7-form-control wpcf7-checkbox wpcf7-validates-as-required wpcf7-exclusive-checkbox checkbox-Haus\"><div class=\"checkbox\"><label ><input name=\"checkbox-Haus[]\" type=\"checkbox\" value=\"BOTTICELLI\" aria-invalid=\"false\" aria-required=\"true\" required>BOTTICELLI<\/label><\/div><div class=\"checkbox\"><label ><input name=\"checkbox-Haus[]\" type=\"checkbox\" value=\"FRA ANGELICO\" aria-invalid=\"false\" aria-required=\"true\" required>FRA ANGELICO<\/label><\/div><div class=\"checkbox\"><label ><input name=\"checkbox-Haus[]\" type=\"checkbox\" value=\"LA GUFA\" aria-invalid=\"false\" aria-required=\"true\" required>LA GUFA<\/label><\/div><div class=\"checkbox\"><label ><input name=\"checkbox-Haus[]\" type=\"checkbox\" value=\"LA VOLPE\" aria-invalid=\"false\" aria-required=\"true\" required>LA VOLPE<\/label><\/div><div class=\"checkbox\"><label ><input name=\"checkbox-Haus[]\" type=\"checkbox\" value=\"PUCCINI\" aria-invalid=\"false\" aria-required=\"true\" required>PUCCINI<\/label><\/div><div class=\"checkbox\"><label ><input name=\"checkbox-Haus[]\" type=\"checkbox\" value=\"TOSCA\" aria-invalid=\"false\" aria-required=\"true\" required>TOSCA<\/label><\/div><div class=\"checkbox\"><label ><input name=\"checkbox-Haus[]\" type=\"checkbox\" value=\"TOSCANINI\" aria-invalid=\"false\" aria-required=\"true\" required>TOSCANINI<\/label><\/div><\/div> <\/td> \n      <td data-label=\"Haus 2\" ><div class=\"form-group wpcf7-form-control wpcf7-checkbox wpcf7-validates-as-required wpcf7-exclusive-checkbox checkbox-Haus2\"><div class=\"checkbox\"><label ><input name=\"checkbox-Haus2[]\" type=\"checkbox\" value=\"BOTTICELLI\" aria-invalid=\"false\" aria-required=\"true\" required>BOTTICELLI<\/label><\/div><div class=\"checkbox\"><label ><input name=\"checkbox-Haus2[]\" type=\"checkbox\" value=\"FRA ANGELICO\" aria-invalid=\"false\" aria-required=\"true\" required>FRA ANGELICO<\/label><\/div><div class=\"checkbox\"><label ><input name=\"checkbox-Haus2[]\" type=\"checkbox\" value=\"LA GUFA\" aria-invalid=\"false\" aria-required=\"true\" required>LA GUFA<\/label><\/div><div class=\"checkbox\"><label ><input name=\"checkbox-Haus2[]\" type=\"checkbox\" value=\"LA VOLPE\" aria-invalid=\"false\" aria-required=\"true\" required>LA VOLPE<\/label><\/div><div class=\"checkbox\"><label ><input name=\"checkbox-Haus2[]\" type=\"checkbox\" value=\"PUCCINI\" aria-invalid=\"false\" aria-required=\"true\" required>PUCCINI<\/label><\/div><div class=\"checkbox\"><label ><input name=\"checkbox-Haus2[]\" type=\"checkbox\" value=\"TOSCA\" aria-invalid=\"false\" aria-required=\"true\" required>TOSCA<\/label><\/div><div class=\"checkbox\"><label ><input name=\"checkbox-Haus2[]\" type=\"checkbox\" value=\"TOSCANINI\" aria-invalid=\"false\" aria-required=\"true\" required>TOSCANINI<\/label><\/div><\/div><\/td>\n    <\/tr>  \n  <\/tbody>    \n<\/table>\n\n<table class=\"tablePreisliste\" width=\"98%\"> \n  <thead>\n    <tr>\n      <th>Zimmer in LA VILLA Michelangelo :<br><\/th>\n    <\/tr>\n  <\/thead>  \n   \n  <tbody>\n     <tr>\n      <td data-label=\"Zimmer LA VILLA Michelangelo\" >\n      <div class=\"form-group wpcf7-form-control wpcf7-checkbox wpcf7-exclusive-checkbox checkbox-Zimmer\"><div class=\"checkbox\"><label ><input name=\"checkbox-Zimmer[]\" type=\"checkbox\" value=\"N1\" aria-invalid=\"false\">N1<\/label><\/div><div class=\"checkbox\"><label ><input name=\"checkbox-Zimmer[]\" type=\"checkbox\" value=\"N2\" aria-invalid=\"false\">N2<\/label><\/div><div class=\"checkbox\"><label ><input name=\"checkbox-Zimmer[]\" type=\"checkbox\" value=\"N3\" aria-invalid=\"false\">N3<\/label><\/div><div class=\"checkbox\"><label ><input name=\"checkbox-Zimmer[]\" type=\"checkbox\" value=\"N4\" aria-invalid=\"false\">N4<\/label><\/div><\/div>\n      <\/td>     \n    <\/tr>      \n  <\/tbody>   \n<\/table>\n\n<p>&nbsp;<\/p>\n<p><strong>Bitte unbedingt antworten<\/strong> (nicht f\u00fcr \"Bed & Breakfast\") <\/p>\n<table class=\"tablePreisliste\" width=\"98%\"> \n <thead>\n    <tr>\n      <th><strong>Bettw\u00e4sche<\/strong> f\u00fcr<br><\/th>\n      <th><strong>Kinderbett <\/strong><\/th>\n    <\/tr>\n  <\/thead> \n   \n  <tbody>\n    <tr>\n      <td data-label=\"Bettw\u00e4sche\" ><div class=\"form-group Bettwaesche\"><input class=\"wpcf7-form-control wpcf7-number wpcf7-validates-as-number form-control\" name=\"Bettwaesche\" type=\"number\" value=\"\" min=\"0\" max=\"20\" step=\"1\" aria-invalid=\"false\"><\/div> Person\/en (inbegriffen).<\/td> \n      <td data-label=\"Kinderbett\" ><div class=\"form-group Kinderbett\"><input class=\"wpcf7-form-control wpcf7-number wpcf7-validates-as-number form-control\" name=\"Kinderbett\" type=\"number\" value=\"\" min=\"0\" max=\"10\" step=\"1\" aria-invalid=\"false\"><\/div>(gratis).<\/td>\n  <\/tbody>\n   \n   <thead>\n    <tr>\n      <th><strong>Bettw\u00e4sche f\u00fcr das Kinderbett<\/strong><\/th>\n      <th><strong>Toilettent\u00fccher<\/strong> f\u00fcr<\/th>\n    <\/tr>\n  <\/thead> \n    <tbody>\n    <tr>\n      <td data-label=\"Bettw\u00e4sche Kinderbett\" ><div class=\"form-group wpcf7-form-control wpcf7-checkbox wpcf7-validates-as-required wpcf7-exclusive-checkbox bettwaesche\"><div class=\"checkbox\"><label ><input name=\"bettwaesche[]\" type=\"checkbox\" value=\"Ja\" aria-invalid=\"false\" aria-required=\"true\" required>Ja<\/label><\/div><div class=\"checkbox\"><label ><input name=\"bettwaesche[]\" type=\"checkbox\" value=\"Nein\" aria-invalid=\"false\" aria-required=\"true\" required>Nein<\/label><\/div><\/div> (5 Euro; fakultativ)<\/td> \n      <td data-label=\"Toilettent\u00fccher\" ><div class=\"form-group toilettentuecher\"><input class=\"wpcf7-form-control wpcf7-number wpcf7-validates-as-number form-control\" name=\"toilettentuecher\" type=\"number\" value=\"\" min=\"0\" max=\"20\" step=\"1\" aria-invalid=\"false\"><\/div> Personen (5 Euro pro Person, fakultativ)<\/td>\n  <\/tbody>\n    \n<\/table>\n\n<table class=\"tablePreisliste\" width=\"98%\">\n  <tbody>\n    <tr>\n      <td colspan=\"2\"><p><strong>K\u00fcchent\u00fccher<\/strong> stehen gratis zur Verf\u00fcgung. <\/p><\/td>\n    <\/tr>\n  <\/tbody>\n<\/table>\n\n<table class=\"tablePreisliste\" width=\"98%\">\n    <thead>\n    <tr>\n      <th><strong>Zusatzbett<\/strong><\/th>\n    <\/tr>\n  <\/thead>\n  \n   <tbody>\n    <tr>\n      <td data-label=\"Zusatzbett\" ><div class=\"form-group LitSuppl\"><input class=\"wpcf7-form-control wpcf7-number wpcf7-validates-as-number form-control\" name=\"LitSuppl\" type=\"number\" value=\"0\" min=\"0\" max=\"5\" step=\"\" aria-invalid=\"false\"><\/div><\/td>\n    <\/tr>\n  <\/tbody>\n \n  <tbody>\n    <tr>\n      <td colspan=\"2\">10 Euro pro Nacht inkl. Bettw\u00e4sche (nur m\u00f6glich f\u00fcr Puccini, Toscanini, Fra Angelico und Botticelli)<\/td>\n    <\/tr>\n  <\/tbody>\n<\/table>\n<div class=\"form-group wpcf7-form-control wpcf7-acceptance reserviere\"><div class=\"checkbox wpcf7-form-control wpcf7-acceptance reserviere\"><label ><input name=\"reserviere\" type=\"checkbox\" value=\"1\" checked aria-invalid=\"false\"><\/label><\/div><\/div> Ich reserviere\n<table width=\"98%\">\n <thead> \n    <tr>\n      <th>von Samstag 16 Uhr<\/th>\n      <th>bis Samstag 10 Uhr<\/th>\n    <\/tr>\n\t<\/thead>    \n    \n <tbody>   \n    <tr>\n      <td data-label=\"von Samstag 16 Uhr\" ><div class=\"form-group date-arrive\"><input class=\"wpcf7-form-control wpcf7-text is-datepick form-control\" id=\"from\" name=\"date-arrive\" type=\"text\" value=\"\" aria-invalid=\"false\"><\/div><\/td>\n      <td data-label=\"bis Samstag 10 Uhr\"><div class=\"form-group date-depart\"><input class=\"wpcf7-form-control wpcf7-text is-datepick form-control\" id=\"to\" name=\"date-depart\" type=\"text\" value=\"\" aria-invalid=\"false\"><\/div><\/td>\n    <\/tr>\n  <\/tbody>\n<\/table>\n<p>&nbsp;<\/p>\n<table width=\"98%\">\n   <thead>\n    <tr>\n      <th><strong>Anzahl Personen :<\/strong><\/th>\n    <\/tr>\n  <\/thead> \n  <tbody>\n    <tr>\n      <td  data-label=\"Anzahl Personen\" ><div class=\"form-group AnzahlPersonen\"><input class=\"wpcf7-form-control wpcf7-number wpcf7-validates-as-number form-control\" name=\"AnzahlPersonen\" type=\"number\" value=\"\" min=\"0\" max=\"25\" step=\"1\" aria-invalid=\"false\"><\/div> <\/td>\n    <\/tr>\n  <\/tbody>\n<\/table>\n<table width=\"98%\">\n   <thead>\n    <tr>\n      <th><strong>davon Kinder :<\/strong><\/th>\n    <\/tr>\n  <\/thead> \n   <tbody>\n    <tr>\n      <td  data-label=\"davon Kinder\" ><div class=\"form-group AnzahlKinder\"><input class=\"wpcf7-form-control wpcf7-number wpcf7-validates-as-number form-control\" name=\"AnzahlKinder\" type=\"number\" value=\"\" min=\"0\" max=\"25\" step=\"1\" aria-invalid=\"false\"><\/div><\/td>\n    <\/tr>\n  <\/tbody>\n<\/table>\n<table width=\"98%\">\n   <thead>\n    <tr>\n      <th><strong>Alter : (Komma getrennt)<\/strong><\/th>\n    <\/tr>\n  <\/thead> \n   <tbody>\n    <tr>\n      <td  data-label=\"Alter (Komma getrennt)\" ><div class=\"form-group AlterKinder\"><input class=\"wpcf7-form-control wpcf7-text form-control\" name=\"AlterKinder\" type=\"text\" value=\"\" aria-invalid=\"false\"><\/div><\/td>\n    <\/tr>\n  <\/tbody>\n<\/table>\n\n\n<p>&nbsp;<\/p>\n<h3>Personalien<\/h3>\n<table width=\"98%\">\n  <thead>\n    <tr>\n      <th>Name, Vorname* : <\/th>\n    <\/tr>\n  <\/thead>\n    <tbody>\n    <tr>\n      <td data-label=\"Name, Vorname*\"><div class=\"form-group your-name\"><input class=\"wpcf7-form-control wpcf7-text wpcf7-validates-as-required form-control\" name=\"your-name\" type=\"text\" value=\"\" aria-invalid=\"false\" aria-required=\"true\" required><\/div><\/td>\n    <\/tr>\n  <\/tbody>\n  \n   <thead>\n    <tr>\n      <th>Strasse* : <\/th>\n    <\/tr>\n  <\/thead>\n    <tbody>\n    <tr>\n      <td data-label=\"Strasse*\"><div class=\"form-group Strasse\"><input class=\"wpcf7-form-control wpcf7-text wpcf7-validates-as-required form-control\" name=\"Strasse\" type=\"text\" value=\"\" aria-invalid=\"false\" aria-required=\"true\" required><\/div><\/td>\n    <\/tr>\n  <\/tbody>\n  \n     <thead>\n    <tr>\n      <th>PLZ, Ort* :<\/th>\n    <\/tr>\n  <\/thead>\n    <tbody>\n    <tr>\n      <td data-label=\"PLZ, Ort*\"><div class=\"form-group PLZOrt\"><input class=\"wpcf7-form-control wpcf7-text wpcf7-validates-as-required form-control\" name=\"PLZOrt\" type=\"text\" value=\"\" aria-invalid=\"false\" aria-required=\"true\" required><\/div><\/td>\n    <\/tr>\n  <\/tbody>\n   \n        <thead>\n    <tr>\n      <th>Land* :<\/th>\n    <\/tr>\n  <\/thead>\n    <tbody>\n    <tr>\n      <td data-label=\"Land*\"><div class=\"form-group Land\"><input class=\"wpcf7-form-control wpcf7-text wpcf7-validates-as-required form-control\" name=\"Land\" type=\"text\" value=\"\" aria-invalid=\"false\" aria-required=\"true\" required><\/div><\/td>\n    <\/tr>\n  <\/tbody>\n   \n        <thead>\n    <tr>\n      <th>Telefon :<\/th>\n    <\/tr>\n  <\/thead>\n    <tbody>\n    <tr>\n      <td data-label=\"Telefon\"><div class=\"form-group tel\"><input class=\"wpcf7-form-control wpcf7-text wpcf7-tel wpcf7-validates-as-tel form-control\" name=\"tel\" type=\"tel\" value=\"\" aria-invalid=\"false\"><\/div><\/td>\n    <\/tr>\n  <\/tbody>\n    \n         <thead>\n    <tr>\n      <th>eMail* :<\/th>\n    <\/tr>\n  <\/thead>\n    <tbody>\n    <tr>\n      <td data-label=\"eMail*\"><div class=\"form-group your-email\"><input class=\"wpcf7-form-control wpcf7-text wpcf7-email wpcf7-validates-as-required wpcf7-validates-as-email form-control\" name=\"your-email\" type=\"email\" value=\"\" aria-invalid=\"false\" aria-required=\"true\" required><\/div><\/td>\n    <\/tr>\n  <\/tbody>\n<\/table>\n\n\n\n<p>&nbsp;<\/p>\n\n<\/p>\n\n <p><div class=\"form-group wpcf7-form-control wpcf7-acceptance ZustimmungVertrag\"><div class=\"checkbox wpcf7-form-control wpcf7-acceptance ZustimmungVertrag\"><label ><input name=\"ZustimmungVertrag\" type=\"checkbox\" value=\"1\" aria-invalid=\"false\"><\/label><\/div><\/div> Ich best\u00e4tige, von den <a href=\"http:\/\/residencecappella.ch\/wp-content\/uploads\/2016\/12\/conditions-g\u00e9n\u00e9rales_d_2017.pdf\" target=\"_blank\">allgemeinen Vertrags-Bestimmungen<\/a> und den <a href=\"http:\/\/residencecappella.ch\/wp-content\/uploads\/2016\/12\/Tarif-2017_d.pdf\" target=\"_blank\">aktuellen Preisen<\/a> Kenntnis genommen zu haben.\n  \nIch erwarte Ihre Best\u00e4tigung innert 10 Tagen.<\/p>\n <p>Ab Erhalt der Best\u00e4tigung werde ich 50% des Mietpreises als Anzahlung auf Ihr Konto \u00fcberweisen <\/p>\n <p>&nbsp; <\/p>\n <p>* Pflichtfelder<\/p>\n<p>&nbsp;<\/p>\n <p><div class=\"form-group\"><div><input class=\"wpcf7-form-control wpcf7-submit btn btn-primary\" id=\"Send\" type=\"submit\" value=\"Senden\"><\/div><\/div>\n\n<script>\n$('#from').datepick({ \n    showTrigger: '<button type=\"button\" class=\"trigger\">...<\/button>'});\n$('#to').datepick({ \n    showTrigger: '<button type=\"button\" class=\"trigger\">...<\/button>'});\n<\/script>\n<style>\n.datepick-control a {\n    text-decoration: none;\n    color: white;\n    font-family: multi,arial;\n    padding: 10px;\n}\n.datepick-clear {\n    width: 48%;\n    float: left;\n}\n.datepick-close {\n    width: 48%;\n    float: right;\n    align-content: right;\n    text-align: right;\n}\ndiv#datepick-div {\n    background-color: #B19C81;\n    z-index: 100000;\n    max-width: 400px;\n}\n\nselect.datepick-new-month {\n    width: initial !important;\n}\n\nselect.datepick-new-year {\n    width: initial !important;\n}\n<\/style><div class=\"wpcf7-response-output alert alert-warning\"><\/div><\/form><\/div>\n","protected":false},"excerpt":{"rendered":"<p>Haben Sie Ihre Wahl getroffen; dann f\u00fcllen Sie die unten stehenden Felder aus f\u00fcr eine Buchung aus. Ansonsten fordern Sie einen Mietvorschlag an.<\/p>\n","protected":false},"author":1,"featured_media":0,"parent":0,"menu_order":7,"comment_status":"closed","ping_status":"closed","template":"","meta":[],"_links":{"self":[{"href":"https:\/\/residencecappella.ch\/de\/wp-json\/wp\/v2\/pages\/1715\/"}],"collection":[{"href":"https:\/\/residencecappella.ch\/de\/wp-json\/wp\/v2\/pages\/"}],"about":[{"href":"https:\/\/residencecappella.ch\/de\/wp-json\/wp\/v2\/types\/page\/"}],"author":[{"embeddable":true,"href":"https:\/\/residencecappella.ch\/de\/wp-json\/wp\/v2\/users\/1\/"}],"replies":[{"embeddable":true,"href":"https:\/\/residencecappella.ch\/de\/wp-json\/wp\/v2\/comments\/?post=1715"}],"version-history":[{"count":3,"href":"https:\/\/residencecappella.ch\/de\/wp-json\/wp\/v2\/pages\/1715\/revisions\/"}],"predecessor-version":[{"id":1806,"href":"https:\/\/residencecappella.ch\/de\/wp-json\/wp\/v2\/pages\/1715\/revisions\/1806\/"}],"wp:attachment":[{"href":"https:\/\/residencecappella.ch\/de\/wp-json\/wp\/v2\/media\/?parent=1715"}],"curies":[{"name":"wp","href":"https:\/\/api.w.org\/{rel}","templated":true}]}}