{"id":1711,"date":"2017-02-26T21:15:45","date_gmt":"2017-02-26T20:15:45","guid":{"rendered":"http:\/\/residencecappella.ch\/de\/?page_id=1711"},"modified":"2017-10-13T16:24:12","modified_gmt":"2017-10-13T14:24:12","slug":"preise-de-17","status":"publish","type":"page","link":"https:\/\/residencecappella.ch\/de\/preise-de-17\/","title":{"rendered":"Preise"},"content":{"rendered":"<table class=\"tablePrix\">\n<thead>\n<tr>\n<th width=\"100\" ><strong>Haus<\/strong><\/th>\n<th width=\"24\" ><strong>m\u00b2<\/strong><\/th>\n<th width=\"135\" ><strong>Ausstattung<\/strong><\/th>\n<th width=\"69\" ><strong>Personen<\/strong><\/th>\n<th width=\"81\" ><strong>Hoch-<br \/>\n  saison<\/strong><\/th>\n<th width=\"104\" ><strong>Mittlere-<br \/>\n  saison<\/strong><\/th>\n<th width=\"65\" ><strong>Neben-<br \/>\n  saison<\/strong><\/th>\n<\/tr>\n<\/thead>\n<tbody>\n<tr>\n<td  data-label=\"Haus\"><strong>BOTTICELLI<\/strong><\/td>\n<td  data-label=\"m\u00b2\">125<\/td>\n<td  data-label=\"Ausstattung\">\n<ul>\n<li>3 Zimmer<\/li>\n<li>2 B\u00e4der<\/li>\n<li>6 Betten<\/li>\n<li>TV<\/li>\n<li>Geschirrsp\u00fcler<\/li>\n<li>Holzofen<\/li>\n<\/ul>\n<\/td>\n<td  data-label=\"Personen\">6 (+1)*<\/td>\n<td  data-label=\"Hochsaison\">\u20ac 1450.\u2013\u2013<\/td>\n<td  data-label=\"Mittleresaison\">\u20ac 1100.\u2013\u2013<\/td>\n<td  data-label=\"Nebensaison\">\u20ac 800.\u2013\u2013<\/td>\n<\/tr>\n<\/tbody>\n<\/table>\n<table class=\"tablePrix2\">\n<tbody>\n<tr>\n<th>Spezialtarif f\u00fcr 2-3 Personen<\/th>\n<td  data-label=\"Hochsaison\">&#8211;<\/td>\n<td  data-label=\"Mittleresaison\">\u20ac 860.\u2013\u2013<\/td>\n<td  data-label=\"Nebensaison\">\u20ac 700.\u2013\u2013<\/td>\n<\/tr>\n<\/table>\n<table class=\"tablePrix\">\n<tbody>\n<tr>\n<td  data-label=\"Haus\"><strong>FRA ANGELICO <\/strong><\/td>\n<td  data-label=\"m\u00b2\">105<\/td>\n<td  data-label=\"Ausstattung\">\n<ul>\n<li>3 Zimmer<\/li>\n<li>2 B\u00e4der<\/li>\n<li>6 Betten<\/li>\n<li>TV<\/li>\n<li>Geschirrsp\u00fcler<\/li>\n<li>Holzofen<\/li>\n<li>Kamin<\/li>\n<\/ul>\n<\/td>\n<td  data-label=\"Personen\">6 (+1)*<\/td>\n<td  data-label=\"Hochsaison\">\u20ac 1470.\u2013\u2013<\/td>\n<td  data-label=\"Mittleresaison\">\u20ac 1150.\u2013\u2013<\/td>\n<td  data-label=\"Nebensaison\">\u20ac 820.\u2013\u2013<\/td>\n<\/tr>\n<\/tbody>\n<\/table>\n<table class=\"tablePrix2\">\n<tbody>\n<tr>\n<th>Spezialtarif f\u00fcr 2-3 Personen<\/th>\n<td  data-label=\"Hochsaison\">&#8211;<\/td>\n<td  data-label=\"Mittleresaison\">\u20ac 850.\u2013\u2013<\/td>\n<td  data-label=\"Nebensaison\">\u20ac 750.\u2013\u2013<\/td>\n<\/tr>\n<\/table>\n<table class=\"tablePrix\">\n<tbody>\n<tr>\n<td  data-label=\"Haus\"><strong>LA GUFA <br \/>\n<\/strong>(in LA VILLA Michelangelo)<\/td>\n<td  data-label=\"m\u00b2\">65<\/td>\n<td  data-label=\"Ausstattung\">\n<ul>\n<li>2 Zimmer<\/li>\n<li>1 Bad<\/li>\n<li>1 Doppelbett<\/li>\n<li>2 Betten<\/li>\n<li>TV<\/li>\n<\/ul>\n<\/td>\n<td  data-label=\"Personen\">4 (+1)*<\/td>\n<td  data-label=\"Hochsaison\">\u20ac 1100.\u2013\u2013<\/td>\n<td  data-label=\"Mittleresaison\">\u20ac 800.\u2013\u2013<\/td>\n<td  data-label=\"Nebensaison\">\u20ac 680.\u2013\u2013<\/td>\n<\/tr>\n<\/tbody>\n<\/table>\n<table class=\"tablePrix2\">\n<tbody>\n<tr>\n<th>Spezialtarif f\u00fcr 2-3 Personen<\/th>\n<td  data-label=\"Hochsaison\">&#8211;<\/td>\n<td  data-label=\"Mittleresaison\">\u20ac 660.\u2013\u2013<\/td>\n<td  data-label=\"Nebensaison\">\u20ac 650.\u2013\u2013<\/td>\n<\/tr>\n<\/table>\n<table class=\"tablePrix\">\n<tbody>\n<tr>\n<td  data-label=\"Haus\"><strong>LA VOLPE<\/strong><\/td>\n<td  data-label=\"m\u00b2\">35<\/td>\n<td  data-label=\"Ausstattung\">\n<ul>\n<li>1 Zimmer<\/li>\n<li>1 Bad<\/li>\n<li>1 Doppelbett<\/li>\n<li>Kamin<\/li>\n<\/ul>\n<\/td>\n<td  data-label=\"Personen\">2<\/td>\n<td  data-label=\"Hochsaison\">\u20ac 600.\u2013\u2013<\/td>\n<td  data-label=\"Mittleresaison\">\u20ac 520.\u2013\u2013<\/td>\n<td  data-label=\"Nebensaison\">\u20ac 450.\u2013\u2013<\/td>\n<\/tr>\n<\/tbody>\n<\/table>\n<table class=\"tablePrix\">\n<tbody>\n<tr>\n<td  data-label=\"Haus\"><strong>IL METATO<\/strong><\/td>\n<td  data-label=\"m\u00b2\">70<\/td>\n<td  data-label=\"Ausstattung\">\n<ul>\n<li>2 Zimmer<\/li>\n<li>1 Bad<\/li>\n<li>4 Betten<\/li>\n<\/ul>\n<\/td>\n<td  data-label=\"Personen\">4<\/td>\n<td  data-label=\"Hochsaison\">\u20ac 850.\u2013\u2013<\/td>\n<td  data-label=\"Mittleresaison\">\u20ac 700.\u2013\u2013<\/td>\n<td  data-label=\"Nebensaison\">\u20ac 550.\u2013\u2013<\/td>\n<\/tr>\n<\/tbody>\n<\/table>\n<table class=\"tablePrix2\">\n<tbody>\n<tr>\n<th>Spezialtarif f\u00fcr 2-3 Personen<\/th>\n<td  data-label=\"Hochsaison\">&#8211;<\/td>\n<td  data-label=\"Mittleresaison\">\u20ac 620.\u2013\u2013<\/td>\n<td  data-label=\"Nebensaison\">\u20ac 500.\u2013\u2013<\/td>\n<\/tr>\n<\/table>\n<table class=\"tablePrix\">\n<tbody>\n<tr>\n<td  data-label=\"Haus\"><strong>PUCCINI<\/strong><\/td>\n<td  data-label=\"m\u00b2\">70<\/td>\n<td  data-label=\"Ausstattung\">\n<ul>\n<li>2 Zimmer<\/li>\n<li>1 Bad<\/li>\n<li>1 Doppelbett<\/li>\n<li>2 Betten<\/li>\n<li>TV<\/li>\n<li>Kamin<\/li>\n<li>Zentralheizung<\/li>\n<\/ul>\n<\/td>\n<td  data-label=\"Personen\">4 (+1)*<\/td>\n<td  data-label=\"Hochsaison\">\u20ac 1100.\u2013\u2013<\/td>\n<td  data-label=\"Mittleresaison\">\u20ac 800.\u2013\u2013<\/td>\n<td  data-label=\"Nebensaison\">\u20ac 660.\u2013\u2013<\/td>\n<\/tr>\n<\/tbody>\n<\/table>\n<table class=\"tablePrix2\">\n<tbody>\n<tr>\n<th>Spezialtarif f\u00fcr 2-3 Personen<\/th>\n<td  data-label=\"Hochsaison\">&#8211;<\/td>\n<td  data-label=\"Mittleresaison\">\u20ac 650.\u2013\u2013<\/td>\n<td  data-label=\"Nebensaison\">\u20ac 550.\u2013\u2013<\/td>\n<\/tr>\n<\/table>\n<table class=\"tablePrix\">\n<tbody>\n<tr>\n<td  data-label=\"Haus\"><strong>TOSCA<\/strong><\/td>\n<td  data-label=\"m\u00b2\">35<\/td>\n<td  data-label=\"Ausstattung\">\n<ul>\n<li>1 Zimmer<\/li>\n<li>1 Bad<\/li>\n<li>2 Betten<\/li>\n<li>TV<\/li>\n<li>Zentralheizung<\/li>\n<\/ul>\n<\/td>\n<td  data-label=\"Personen\">2<\/td>\n<td  data-label=\"Hochsaison\">\u20ac 600.\u2013\u2013<\/td>\n<td  data-label=\"Mittleresaison\">\u20ac 520.\u2013\u2013<\/td>\n<td  data-label=\"Nebensaison\">\u20ac 450.\u2013\u2013<\/td>\n<\/tr>\n<\/tbody>\n<\/table>\n<table class=\"tablePrix\">\n<tbody>\n<tr>\n<td  data-label=\"Haus\"><strong>TOSCANINI<\/strong><\/td>\n<td  data-label=\"m\u00b2\">110<\/td>\n<td  data-label=\"Ausstattung\">\n<ul>\n<li>2 Zimmer<\/li>\n<li>1 Bad<\/li>\n<li>4 Betten<\/li>\n<li>TV<\/li>\n<li>Kamin<\/li>\n<\/ul>\n<\/td>\n<td  data-label=\"Personen\">4 (+1)*<\/td>\n<td  data-label=\"Hochsaison\">\u20ac 1150.\u2013\u2013<\/td>\n<td  data-label=\"Mittleresaison\">\u20ac 850.\u2013\u2013<\/td>\n<td  data-label=\"Nebensaison\">\u20ac 700.\u2013\u2013<\/td>\n<\/tr>\n<\/tbody>\n<\/table>\n<table class=\"tablePrix2\">\n<tbody>\n<tr>\n<th>Spezialtarif f\u00fcr 2-3 Personen<\/th>\n<td  data-label=\"Hochsaison\">&#8211;<\/td>\n<td  data-label=\"Mittleresaison\">\u20ac 700.\u2013\u2013<\/td>\n<td  data-label=\"Nebensaison\">\u20ac 600.\u2013\u2013<\/td>\n<\/tr>\n<\/table>\n<p>&nbsp;<\/p>\n<table class=\"tablePrix\">\n<tbody>\n<tr>\n<th colspan=\"7\" ><strong>Bed &amp; Breakfast <\/strong>(1 Zimmer: Preise pro Nacht)**<br \/>\n  <strong>LA VILLA Michelangelo<\/strong><\/th>\n<\/tr>\n<\/tbody>\n<tbody>\n<tr>\n<td width=\"100\"  data-label=\"Zimmer\">Doppelzimmer<br \/>\nf\u00fcr 2 Personen<\/td>\n<td width=\"24\"  data-label=\"m\u00b2\">14 &#8211; 22<\/td>\n<td width=\"135\"  data-label=\"Ausstattung\">\n<ul>\n<li>1 Zimmer<\/li>\n<li>1 Bad<\/li>\n<li>1 Doppelbett<\/li>\n<li>2 Betten<\/li>\n<\/ul>\n<\/td>\n<td width=\"69\"  data-label=\"Personen\">&nbsp;<\/td>\n<td width=\"81\"  data-label=\"Hochsaison\">\u2013\u2013<\/td>\n<td width=\"104\"  data-label=\"Mittleresaison\">\u20ac 80.\u2013\u2013<\/td>\n<td width=\"65\"  data-label=\"Nebensaison\">\u20ac 80.\u2013\u2013<\/td>\n<\/tr>\n<tr>\n<td width=\"100\"  data-label=\"Zimmer\">Doppelzimmer f\u00fcr 1 Person<\/td>\n<td width=\"24\"  data-label=\"m\u00b2\">&nbsp;<\/td>\n<td width=\"135\"  data-label=\"Ausstattung\">\n<ul>\n<li>1 Zimmer<\/li>\n<li>1 Bad<\/li>\n<li>1 Doppelbett<\/li>\n<li>2 Betten<\/li>\n<\/ul>\n<\/td>\n<td width=\"69\"  data-label=\"Personen\">&nbsp;<\/td>\n<td width=\"81\"  data-label=\"Hochsaison\">\u2013\u2013<\/td>\n<td width=\"104\"  data-label=\"Mittleresaison\">\u20ac 60.\u2013\u2013<\/td>\n<td width=\"65\"  data-label=\"Nebensaison\">\u20ac 60.\u2013\u2013<\/td>\n<\/tr>\n<\/tbody>\n<\/table>\n<table class=\"tablePrix3\">\n<tbody>\n<tr>\n<td colspan=\"2\">Kinder unter 2 Jahren werden nicht berechnet, das Kinderbett wird gratis zur Verf\u00fcgung gestellt, Bettw\u00e4sche f\u00fcr das Kinderbett kostet 5 Euro.<\/td>\n<\/tr>\n<tr>\n<td><strong>HOCHSAISON :<\/strong><\/td>\n<td>01.07.17 &#8211; 19.08.17<\/td>\n<\/tr>\n<tr>\n<td><strong>MITTLERESAISON<\/strong> :<\/td>\n<td>08.04.17 &#8211; 21.04.17 \/ 03.06.17 &#8211; 01.07.17 \/ 19.08.17 &#8211; 16.09.17<\/td>\n<\/tr>\n<tr>\n<td><strong>NEBENSAISON<\/strong> :<\/td>\n<td>jusqu&#8217;au 08.04.17 \/ 21.04.17 &#8211; 03.06.17 \/ depuis le 16.09.17<\/td>\n<\/tr>\n<tr>\n<td>*Zusatzbett m\u00f6glich :<\/td>\n<td>10 Euro pro Nacht inkl. Bettw\u00e4sche<\/td>\n<\/tr>\n<tr>\n<td colspan=\"2\">**ab 7 N\u00e4chte 5% Rabatt und Spezialtarif f\u00fcr Einzelpersonen bei mindestens 7 N\u00e4chten.<\/td>\n<\/tr>\n<\/tbody>\n<\/table>\n<p><a href=\"http:\/\/residencecappella.ch\/wp-content\/uploads\/2016\/12\/conditions-g%C3%A9n%C3%A9rales_d_2017.pdf\" target=\"_blank\" rel=\"noopener\">Vertragsbestimmungen<\/a><a href=\"http:\/\/residencecappella.ch\/wp-content\/uploads\/2015\/03\/conditions-g\u00e9n\u00e9rales_f_2016.pdf\" target=\"_blank\"><\/a>\n<\/p>\n<p>&nbsp;<\/p>\n<p>&nbsp;<\/p>\n<p>&nbsp;<\/p>\n","protected":false},"excerpt":{"rendered":"<p>Haus m\u00b2 Ausstattung Personen Hoch- saison Mittlere- saison Neben- saison BOTTICELLI 125 3 Zimmer 2 B\u00e4der 6 Betten TV Geschirrsp\u00fcler Holzofen 6 (+1)* \u20ac 1450.\u2013\u2013 \u20ac 1100.\u2013\u2013 \u20ac 800.\u2013\u2013 Spezialtarif f\u00fcr 2-3 Personen &#8211; \u20ac 860.\u2013\u2013 \u20ac 700.\u2013\u2013 FRA ANGELICO 105 3 Zimmer 2 B\u00e4der 6 Betten TV Geschirrsp\u00fcler Holzofen Kamin 6 (+1)* \u20ac 1470.\u2013\u2013 [&hellip;]<\/p>\n","protected":false},"author":1,"featured_media":0,"parent":0,"menu_order":6,"comment_status":"closed","ping_status":"closed","template":"","meta":[],"_links":{"self":[{"href":"https:\/\/residencecappella.ch\/de\/wp-json\/wp\/v2\/pages\/1711\/"}],"collection":[{"href":"https:\/\/residencecappella.ch\/de\/wp-json\/wp\/v2\/pages\/"}],"about":[{"href":"https:\/\/residencecappella.ch\/de\/wp-json\/wp\/v2\/types\/page\/"}],"author":[{"embeddable":true,"href":"https:\/\/residencecappella.ch\/de\/wp-json\/wp\/v2\/users\/1\/"}],"replies":[{"embeddable":true,"href":"https:\/\/residencecappella.ch\/de\/wp-json\/wp\/v2\/comments\/?post=1711"}],"version-history":[{"count":9,"href":"https:\/\/residencecappella.ch\/de\/wp-json\/wp\/v2\/pages\/1711\/revisions\/"}],"predecessor-version":[{"id":2017,"href":"https:\/\/residencecappella.ch\/de\/wp-json\/wp\/v2\/pages\/1711\/revisions\/2017\/"}],"wp:attachment":[{"href":"https:\/\/residencecappella.ch\/de\/wp-json\/wp\/v2\/media\/?parent=1711"}],"curies":[{"name":"wp","href":"https:\/\/api.w.org\/{rel}","templated":true}]}}