{"id":1707,"date":"2017-02-26T21:15:07","date_gmt":"2017-02-26T20:15:07","guid":{"rendered":"http:\/\/residencecappella.ch\/de\/?page_id=1707"},"modified":"2017-02-27T10:23:56","modified_gmt":"2017-02-27T09:23:56","slug":"verfuegbarkeit-de-17","status":"publish","type":"page","link":"https:\/\/residencecappella.ch\/de\/verfuegbarkeit-de-17\/","title":{"rendered":"Verf\u00fcgbarkeit"},"content":{"rendered":"<p>Unten finden Sie die Kalender f\u00fcr die Reservierungen. Hier sehen Sie, welche Daten noch frei sind.<br \/>\nZ\u00f6gern Sie nicht lange und <a href=\"\/wp\/?page_id=47\">buchen Ihren gew\u00fcnschten Termin<\/a>. Sie auch eine <a href=\"\/wp\/?page_id=43\">Mietanfrage<\/a> an uns senden.<\/p>\n<p>F\u00fcr Wohnungen muss man mindestens eine Woche (von Samstag 16 Uhr bis Samstag 10 Uhr) reservieren.<\/p>\n<h4>FRA ANGELICO<\/h4>\n<div id='calendar_booking_unselectable2'><\/div><div style=\"clear:both;height:10px;\"><\/div><div class=\"bk_calendar_frame months_num_in_row_ cal_month_num_3\" style=\"width:852px;\"><div id=\"calendar_booking2\">Kalender wird geladen...<\/div><\/div><textarea id=\"date_booking2\" name=\"date_booking2\" autocomplete=\"off\" style=\"display:none;\"><\/textarea><div class=\"block_hints datepick\"><div class=\"wpdev_hint_with_text\"><div class=\"block_free datepick-days-cell\"><a>18<\/a><\/div><div class=\"block_text\">- Frei<\/div><\/div><div class=\"wpdev_hint_with_text\"><div class=\"block_booked date_approved\">18<\/div><div class=\"block_text\">- Besetzt<\/div><\/div><\/div><div class=\"wpdev_clear_hint\"><\/div> <script type='text\/javascript'>  jQuery(document).ready( function(){  date_admin_blank[2] = [];  date2approve[2] = [];  var date_approved_par = [];  init_datepick_cal('2', date_approved_par, 3 , 1, [2015,5]   );  }); <\/script>\n<h4>TOSCA<\/h4>\n<div id='calendar_booking_unselectable6'><\/div><div style=\"clear:both;height:10px;\"><\/div><div class=\"bk_calendar_frame months_num_in_row_ cal_month_num_3\" style=\"width:852px;\"><div id=\"calendar_booking6\">Kalender wird geladen...<\/div><\/div><textarea id=\"date_booking6\" name=\"date_booking6\" autocomplete=\"off\" style=\"display:none;\"><\/textarea><div class=\"block_hints datepick\"><div class=\"wpdev_hint_with_text\"><div class=\"block_free datepick-days-cell\"><a>18<\/a><\/div><div class=\"block_text\">- Frei<\/div><\/div><div class=\"wpdev_hint_with_text\"><div class=\"block_booked date_approved\">18<\/div><div class=\"block_text\">- Besetzt<\/div><\/div><\/div><div class=\"wpdev_clear_hint\"><\/div> <script type='text\/javascript'>  jQuery(document).ready( function(){  date_admin_blank[6] = [];  date2approve[6] = [];  var date_approved_par = [];  init_datepick_cal('6', date_approved_par, 3 , 1, [2015,5]   );  }); <\/script>\n<h4>BOTTICELLI<\/h4>\n<div id='calendar_booking_unselectable1'><\/div><div style=\"clear:both;height:10px;\"><\/div><div class=\"bk_calendar_frame months_num_in_row_ cal_month_num_3\" style=\"width:852px;\"><div id=\"calendar_booking1\">Kalender wird geladen...<\/div><\/div><textarea id=\"date_booking1\" name=\"date_booking1\" autocomplete=\"off\" style=\"display:none;\"><\/textarea><div class=\"block_hints datepick\"><div class=\"wpdev_hint_with_text\"><div class=\"block_free datepick-days-cell\"><a>18<\/a><\/div><div class=\"block_text\">- Frei<\/div><\/div><div class=\"wpdev_hint_with_text\"><div class=\"block_booked date_approved\">18<\/div><div class=\"block_text\">- Besetzt<\/div><\/div><\/div><div class=\"wpdev_clear_hint\"><\/div> <script type='text\/javascript'>  jQuery(document).ready( function(){  date_admin_blank[1] = [];  date2approve[1] = [];  var date_approved_par = [];  init_datepick_cal('1', date_approved_par, 3 , 1, [2015,5]   );  }); <\/script>\n<h4>LA VOLPE<\/h4>\n<div id='calendar_booking_unselectable4'><\/div><div style=\"clear:both;height:10px;\"><\/div><div class=\"bk_calendar_frame months_num_in_row_ cal_month_num_3\" style=\"width:852px;\"><div id=\"calendar_booking4\">Kalender wird geladen...<\/div><\/div><textarea id=\"date_booking4\" name=\"date_booking4\" autocomplete=\"off\" style=\"display:none;\"><\/textarea><div class=\"block_hints datepick\"><div class=\"wpdev_hint_with_text\"><div class=\"block_free datepick-days-cell\"><a>18<\/a><\/div><div class=\"block_text\">- Frei<\/div><\/div><div class=\"wpdev_hint_with_text\"><div class=\"block_booked date_approved\">18<\/div><div class=\"block_text\">- Besetzt<\/div><\/div><\/div><div class=\"wpdev_clear_hint\"><\/div> <script type='text\/javascript'>  jQuery(document).ready( function(){  date_admin_blank[4] = [];  date2approve[4] = [];  var date_approved_par = [];  init_datepick_cal('4', date_approved_par, 3 , 1, [2015,5]   );  }); <\/script>\n<h4>TOSCANINI<\/h4>\n<div id='calendar_booking_unselectable7'><\/div><div style=\"clear:both;height:10px;\"><\/div><div class=\"bk_calendar_frame months_num_in_row_ cal_month_num_3\" style=\"width:852px;\"><div id=\"calendar_booking7\">Kalender wird geladen...<\/div><\/div><textarea id=\"date_booking7\" name=\"date_booking7\" autocomplete=\"off\" style=\"display:none;\"><\/textarea><div class=\"block_hints datepick\"><div class=\"wpdev_hint_with_text\"><div class=\"block_free datepick-days-cell\"><a>18<\/a><\/div><div class=\"block_text\">- Frei<\/div><\/div><div class=\"wpdev_hint_with_text\"><div class=\"block_booked date_approved\">18<\/div><div class=\"block_text\">- Besetzt<\/div><\/div><\/div><div class=\"wpdev_clear_hint\"><\/div> <script type='text\/javascript'>  jQuery(document).ready( function(){  date_admin_blank[7] = [];  date2approve[7] = [];  var date_approved_par = [];  init_datepick_cal('7', date_approved_par, 3 , 1, [2015,5]   );  }); <\/script>\n<h4>PUCCINI<\/h4>\n<div id='calendar_booking_unselectable5'><\/div><div style=\"clear:both;height:10px;\"><\/div><div class=\"bk_calendar_frame months_num_in_row_ cal_month_num_3\" style=\"width:852px;\"><div id=\"calendar_booking5\">Kalender wird geladen...<\/div><\/div><textarea id=\"date_booking5\" name=\"date_booking5\" autocomplete=\"off\" style=\"display:none;\"><\/textarea><div class=\"block_hints datepick\"><div class=\"wpdev_hint_with_text\"><div class=\"block_free datepick-days-cell\"><a>18<\/a><\/div><div class=\"block_text\">- Frei<\/div><\/div><div class=\"wpdev_hint_with_text\"><div class=\"block_booked date_approved\">18<\/div><div class=\"block_text\">- Besetzt<\/div><\/div><\/div><div class=\"wpdev_clear_hint\"><\/div> <script type='text\/javascript'>  jQuery(document).ready( function(){  date_admin_blank[5] = [];  date2approve[5] = [];  var date_approved_par = [];  init_datepick_cal('5', date_approved_par, 3 , 1, [2015,5]   );  }); <\/script>\n<h4>LA GUFA in La Villa Michelangelo<\/h4>\n<div id='calendar_booking_unselectable3'><\/div><div style=\"clear:both;height:10px;\"><\/div><div class=\"bk_calendar_frame months_num_in_row_ cal_month_num_3\" style=\"width:852px;\"><div id=\"calendar_booking3\">Kalender wird geladen...<\/div><\/div><textarea id=\"date_booking3\" name=\"date_booking3\" autocomplete=\"off\" style=\"display:none;\"><\/textarea><div class=\"block_hints datepick\"><div class=\"wpdev_hint_with_text\"><div class=\"block_free datepick-days-cell\"><a>18<\/a><\/div><div class=\"block_text\">- Frei<\/div><\/div><div class=\"wpdev_hint_with_text\"><div class=\"block_booked date_approved\">18<\/div><div class=\"block_text\">- Besetzt<\/div><\/div><\/div><div class=\"wpdev_clear_hint\"><\/div> <script type='text\/javascript'>  jQuery(document).ready( function(){  date_admin_blank[3] = [];  date2approve[3] = [];  var date_approved_par = [];  init_datepick_cal('3', date_approved_par, 3 , 1, [2015,5]   );  }); <\/script>\n<h4>LA GUFA Zimmer Bed &amp; Breakfast<\/h4>\n<div id='calendar_booking_unselectable8'><\/div><div style=\"clear:both;height:10px;\"><\/div><div class=\"bk_calendar_frame months_num_in_row_ cal_month_num_3\" style=\"width:852px;\"><div id=\"calendar_booking8\">Kalender wird geladen...<\/div><\/div><textarea id=\"date_booking8\" name=\"date_booking8\" autocomplete=\"off\" style=\"display:none;\"><\/textarea><div class=\"block_hints datepick\"><div class=\"wpdev_hint_with_text\"><div class=\"block_free datepick-days-cell\"><a>18<\/a><\/div><div class=\"block_text\">- Frei<\/div><\/div><div class=\"wpdev_hint_with_text\"><div class=\"block_booked date_approved\">18<\/div><div class=\"block_text\">- Besetzt<\/div><\/div><\/div><div class=\"wpdev_clear_hint\"><\/div> <script type='text\/javascript'>  jQuery(document).ready( function(){  date_admin_blank[8] = [];  date2approve[8] = [];  var date_approved_par = [];  init_datepick_cal('8', date_approved_par, 3 , 1, [2015,5]   );  }); <\/script>\n<h4><\/h4>\n","protected":false},"excerpt":{"rendered":"<p>Unten finden Sie die Kalender f\u00fcr die Reservierungen. Hier sehen Sie, welche Daten noch frei sind. Z\u00f6gern Sie nicht lange und buchen Ihren gew\u00fcnschten Termin. Sie auch eine Mietanfrage an uns senden. F\u00fcr Wohnungen muss man mindestens eine Woche (von Samstag 16 Uhr bis Samstag 10 Uhr) reservieren. FRA ANGELICO TOSCA BOTTICELLI LA VOLPE TOSCANINI [&hellip;]<\/p>\n","protected":false},"author":1,"featured_media":0,"parent":0,"menu_order":5,"comment_status":"closed","ping_status":"closed","template":"","meta":[],"_links":{"self":[{"href":"https:\/\/residencecappella.ch\/de\/wp-json\/wp\/v2\/pages\/1707\/"}],"collection":[{"href":"https:\/\/residencecappella.ch\/de\/wp-json\/wp\/v2\/pages\/"}],"about":[{"href":"https:\/\/residencecappella.ch\/de\/wp-json\/wp\/v2\/types\/page\/"}],"author":[{"embeddable":true,"href":"https:\/\/residencecappella.ch\/de\/wp-json\/wp\/v2\/users\/1\/"}],"replies":[{"embeddable":true,"href":"https:\/\/residencecappella.ch\/de\/wp-json\/wp\/v2\/comments\/?post=1707"}],"version-history":[{"count":3,"href":"https:\/\/residencecappella.ch\/de\/wp-json\/wp\/v2\/pages\/1707\/revisions\/"}],"predecessor-version":[{"id":1777,"href":"https:\/\/residencecappella.ch\/de\/wp-json\/wp\/v2\/pages\/1707\/revisions\/1777\/"}],"wp:attachment":[{"href":"https:\/\/residencecappella.ch\/de\/wp-json\/wp\/v2\/media\/?parent=1707"}],"curies":[{"name":"wp","href":"https:\/\/api.w.org\/{rel}","templated":true}]}}