{"id":1695,"date":"2017-02-26T21:13:06","date_gmt":"2017-02-26T20:13:06","guid":{"rendered":"http:\/\/residencecappella.ch\/de\/?page_id=1695"},"modified":"2017-02-27T10:22:50","modified_gmt":"2017-02-27T09:22:50","slug":"toscanini-en-17","status":"publish","type":"page","link":"https:\/\/residencecappella.ch\/de\/haeuser-17\/toscanini-en-17\/","title":{"rendered":"Toscanini"},"content":{"rendered":"<h4>F\u00fcr 4 Personen<\/h4>\n<p>Attika- Maisonnettewohnung mit einem ger\u00e4umigen und wundersch\u00f6nen Wohnzimmer mit Kamin und offener K\u00fcche, zwei Schlafzimmer mit je zwei Betten und eine ausgesprochen sch\u00f6ne Nasszelle mit Dusche, Lavabo und WC. Kleine Privatterrasse auf den D\u00e4chern mit wunderbarer Sicht ins Tal.<\/p>\n<div id=\"isloaderfor-cgnecd\" class=\"emgajxloader\"><\/div><div style=\"display: none;\" class=\"pagwrap-cgnecd epgwrp\" id=\"nopagination\"><div class=\"easycontainer-cgnecd easymedia_center lightboxcgnecd emgclearfix emgpad\"><div style=\"width:120px; height:120px;\" class=\"easyitem hoverone view da-thumbs preloaderview fltr221\"><div class=\"iehand\"><a class=\"emg-cbox nofoobox\" href=\"https:\/\/residencecappella.ch\/wp-content\/uploads\/2015\/03\/DSC_0023.jpg\" title=\"\"><img  class=\"emglazy\" src=\"https:\/\/residencecappella.ch\/wp-content\/uploads\/2015\/03\/DSC_0023-120x120_l.jpg\" alt=\"DSC_0023\" \/><article class=\"da-animate da-slideFromRight\"><p class=\"emgfittext\"><\/p><div class=\"forspan\"><span class=\"zoom\"><\/span><\/div><\/article><\/a><\/div><\/div><div style=\"width:120px; height:120px;\" class=\"easyitem hoverone view da-thumbs preloaderview fltr221\"><div class=\"iehand\"><a class=\"emg-cbox nofoobox\" href=\"https:\/\/residencecappella.ch\/wp-content\/uploads\/2015\/03\/DSC_0016.jpg\" title=\"\"><img  class=\"emglazy\" src=\"https:\/\/residencecappella.ch\/wp-content\/uploads\/2015\/03\/DSC_0016-120x120_l.jpg\" alt=\"DSC_0016\" \/><article class=\"da-animate da-slideFromRight\"><p class=\"emgfittext\"><\/p><div class=\"forspan\"><span class=\"zoom\"><\/span><\/div><\/article><\/a><\/div><\/div><div style=\"width:120px; height:120px;\" class=\"easyitem hoverone view da-thumbs preloaderview fltr221\"><div class=\"iehand\"><a class=\"emg-cbox nofoobox\" href=\"https:\/\/residencecappella.ch\/wp-content\/uploads\/2015\/03\/DSC_0014.jpg\" title=\"\"><img  class=\"emglazy\" src=\"https:\/\/residencecappella.ch\/wp-content\/uploads\/2015\/03\/DSC_0014-120x120_l.jpg\" alt=\"DSC_0014\" \/><article class=\"da-animate da-slideFromRight\"><p class=\"emgfittext\"><\/p><div class=\"forspan\"><span class=\"zoom\"><\/span><\/div><\/article><\/a><\/div><\/div><div style=\"width:120px; height:120px;\" class=\"easyitem hoverone view da-thumbs preloaderview fltr221\"><div class=\"iehand\"><a class=\"emg-cbox nofoobox\" href=\"https:\/\/residencecappella.ch\/wp-content\/uploads\/2015\/03\/DSC_0011-2.jpg\" title=\"\"><img  class=\"emglazy\" src=\"https:\/\/residencecappella.ch\/wp-content\/uploads\/2015\/03\/DSC_0011-2-120x120_l.jpg\" alt=\"DSC_0011 2\" \/><article class=\"da-animate da-slideFromRight\"><p class=\"emgfittext\"><\/p><div class=\"forspan\"><span class=\"zoom\"><\/span><\/div><\/article><\/a><\/div><\/div><div style=\"width:120px; height:120px;\" class=\"easyitem hoverone view da-thumbs preloaderview fltr221\"><div class=\"iehand\"><a class=\"emg-cbox nofoobox\" href=\"https:\/\/residencecappella.ch\/wp-content\/uploads\/2015\/03\/DSC_0008.jpg\" title=\"\"><img  class=\"emglazy\" src=\"https:\/\/residencecappella.ch\/wp-content\/uploads\/2015\/03\/DSC_0008-120x120_l.jpg\" alt=\"DSC_0008\" \/><article class=\"da-animate da-slideFromRight\"><p class=\"emgfittext\"><\/p><div class=\"forspan\"><span class=\"zoom\"><\/span><\/div><\/article><\/a><\/div><\/div><div style=\"width:120px; height:120px;\" class=\"easyitem hoverone view da-thumbs preloaderview fltr221\"><div class=\"iehand\"><a class=\"emg-cbox nofoobox\" href=\"https:\/\/residencecappella.ch\/wp-content\/uploads\/2015\/03\/DSC_0006.jpg\" title=\"\"><img  class=\"emglazy\" src=\"https:\/\/residencecappella.ch\/wp-content\/uploads\/2015\/03\/DSC_0006-120x120_l.jpg\" alt=\"DSC_0006\" \/><article class=\"da-animate da-slideFromRight\"><p class=\"emgfittext\"><\/p><div class=\"forspan\"><span class=\"zoom\"><\/span><\/div><\/article><\/a><\/div><\/div><div style=\"width:120px; height:120px;\" class=\"easyitem hoverone view da-thumbs preloaderview fltr221\"><div class=\"iehand\"><a class=\"emg-cbox nofoobox\" href=\"https:\/\/residencecappella.ch\/wp-content\/uploads\/2015\/03\/DSC_0002.jpg\" title=\"\"><img  class=\"emglazy\" src=\"https:\/\/residencecappella.ch\/wp-content\/uploads\/2015\/03\/DSC_0002-120x120_l.jpg\" alt=\"DSC_0002\" \/><article class=\"da-animate da-slideFromRight\"><p class=\"emgfittext\"><\/p><div class=\"forspan\"><span class=\"zoom\"><\/span><\/div><\/article><\/a><\/div><\/div><div style=\"width:120px; height:120px;\" class=\"easyitem hoverone view da-thumbs preloaderview fltr221\"><div class=\"iehand\"><a class=\"emg-cbox nofoobox\" href=\"https:\/\/residencecappella.ch\/wp-content\/uploads\/2015\/03\/115_1542_modifie\u0301-31.jpg\" title=\"\"><img  class=\"emglazy\" src=\"https:\/\/residencecappella.ch\/wp-content\/uploads\/2015\/03\/115_1542_modifie\u0301-31-120x120_l.jpg\" alt=\"115_1542_modifie\u0301 31\" \/><article class=\"da-animate da-slideFromRight\"><p class=\"emgfittext\"><\/p><div class=\"forspan\"><span class=\"zoom\"><\/span><\/div><\/article><\/a><\/div><\/div>\r\n<div style=\"clear:both;\"><\/div><\/div><\/div><style type=\"text\/css\">\n.pagwrap-cgnecd .preloaderview {min-width: 60px;min-height: 60px;}\n<\/style>\n<script type=\"text\/javascript\">\njQuery(document).ready(function($) {var $container = $('.easycontainer-cgnecd');var $win = $(window);$container.emgisotope({itemSelector: '.easyitem',filter: '*',transformsEnabled: true,onLayout: function() {$win.trigger(\"scroll\");}});var $optionSets = $('.isofilcont-cgnecd .emgoption-set'),$optionLinks = $optionSets.find('li'); \/\/@since 1.5.0.3\n$optionLinks.click(function(){var $this = $(this);if ( $this.hasClass('selected') ) {return false;}\nvar $optionSet = $this.parents('.emgoption-set');$optionSet.find('.selected').removeClass('selected');$this.addClass('selected');var options = {},key = $optionSet.attr('data-option-key'),value = $this.attr('data-option-value');value = value === 'false' ? false : value;options[ key ] = value;if ( key === 'layoutMode') {if ( typeof changeLayoutMode === 'function' ) {changeLayoutMode( $this, options )}} else {$container.emgisotope( options );}\nreturn false;});var imgLoad = emgimagesLoaded( jQuery(\".pagwrap-cgnecd .iehand img\") );imgLoad.on( 'progress', function( instance, image ) {jQuery(image.img).readyLoad({ elementId: \"cgnecd\", isPagination: '', isLazyload: 0, imageCount: \"8\" });});jQuery(\".pagwrap-cgnecd\").fadeIn(1000);jQuery(\"#isloaderfor-cgnecd\").hide();try {jQuery(\".easycontainer-cgnecd\").emgisotope( 'reLayout' );} catch(e) {return true;}});<\/script><script type=\"text\/javascript\">\njQuery(document).ready(function() {jQuery(\".emg-cbox\").colorbox({current: \"{current} \/ {total}\",rel:'emg-cbox',returnFocus: false,slideshow: true,slideshowSpeed: 7000,scrolling: false,speed: 500,photo: true,fadeOut: 500,maxWidth: \"90%\",maxHeight: \"90%\",onComplete:function(){if(jQuery(\"#cboxTitle\").text().length > 1) {jQuery(\"#cboxTitle\").css(\"width\", jQuery(\".cboxPhoto\").width()-9);jQuery(\"#cboxTitle\").hide();jQuery(\"#cboxTitle\").fadeIn(500);} else {jQuery(\"#cboxTitle\").hide();}}});});<\/script>\n<h4>PLAN TOSCANINI<\/h4>\n<p><a href=\"http:\/\/residencecappella.ch\/wp-content\/uploads\/2015\/03\/toscanini_plan.png\"><img loading=\"lazy\" class=\"alignnone wp-image-690\" src=\"http:\/\/residencecappella.ch\/wp-content\/uploads\/2015\/03\/toscanini_plan.png\" alt=\"toscanini_plan\" width=\"650\" height=\"382\" srcset=\"https:\/\/residencecappella.ch\/wp-content\/uploads\/2015\/03\/toscanini_plan.png 1100w, https:\/\/residencecappella.ch\/wp-content\/uploads\/2015\/03\/toscanini_plan-300x176.png 300w, https:\/\/residencecappella.ch\/wp-content\/uploads\/2015\/03\/toscanini_plan-1024x601.png 1024w\" sizes=\"(max-width: 650px) 100vw, 650px\" \/><\/a><\/p>\n<h4>VERF\u00dcGBARKEIT<\/h4>\n<div id='calendar_booking_unselectable7'><\/div><div style=\"clear:both;height:10px;\"><\/div><div class=\"bk_calendar_frame months_num_in_row_ cal_month_num_3\" style=\"width:852px;\"><div id=\"calendar_booking7\">Kalender wird geladen...<\/div><\/div><textarea id=\"date_booking7\" name=\"date_booking7\" autocomplete=\"off\" style=\"display:none;\"><\/textarea><div class=\"block_hints datepick\"><div class=\"wpdev_hint_with_text\"><div class=\"block_free datepick-days-cell\"><a>18<\/a><\/div><div class=\"block_text\">- Frei<\/div><\/div><div class=\"wpdev_hint_with_text\"><div class=\"block_booked date_approved\">18<\/div><div class=\"block_text\">- Besetzt<\/div><\/div><\/div><div class=\"wpdev_clear_hint\"><\/div> <script type='text\/javascript'>  jQuery(document).ready( function(){  date_admin_blank[7] = [];  date2approve[7] = [];  var date_approved_par = [];  init_datepick_cal('7', date_approved_par, 3 , 1, [2015,5]   );  }); <\/script>\n","protected":false},"excerpt":{"rendered":"<p>F\u00fcr 4 Personen Attika- Maisonnettewohnung mit einem ger\u00e4umigen und wundersch\u00f6nen Wohnzimmer mit Kamin und offener K\u00fcche, zwei Schlafzimmer mit je zwei Betten und eine ausgesprochen sch\u00f6ne Nasszelle mit Dusche, Lavabo und WC. Kleine Privatterrasse auf den D\u00e4chern mit wunderbarer Sicht ins Tal. PLAN TOSCANINI VERF\u00dcGBARKEIT<\/p>\n","protected":false},"author":1,"featured_media":0,"parent":1666,"menu_order":7,"comment_status":"closed","ping_status":"closed","template":"","meta":[],"_links":{"self":[{"href":"https:\/\/residencecappella.ch\/de\/wp-json\/wp\/v2\/pages\/1695\/"}],"collection":[{"href":"https:\/\/residencecappella.ch\/de\/wp-json\/wp\/v2\/pages\/"}],"about":[{"href":"https:\/\/residencecappella.ch\/de\/wp-json\/wp\/v2\/types\/page\/"}],"author":[{"embeddable":true,"href":"https:\/\/residencecappella.ch\/de\/wp-json\/wp\/v2\/users\/1\/"}],"replies":[{"embeddable":true,"href":"https:\/\/residencecappella.ch\/de\/wp-json\/wp\/v2\/comments\/?post=1695"}],"version-history":[{"count":2,"href":"https:\/\/residencecappella.ch\/de\/wp-json\/wp\/v2\/pages\/1695\/revisions\/"}],"predecessor-version":[{"id":1805,"href":"https:\/\/residencecappella.ch\/de\/wp-json\/wp\/v2\/pages\/1695\/revisions\/1805\/"}],"up":[{"embeddable":true,"href":"https:\/\/residencecappella.ch\/de\/wp-json\/wp\/v2\/pages\/1666\/"}],"wp:attachment":[{"href":"https:\/\/residencecappella.ch\/de\/wp-json\/wp\/v2\/media\/?parent=1695"}],"curies":[{"name":"wp","href":"https:\/\/api.w.org\/{rel}","templated":true}]}}