{"id":1690,"date":"2017-02-26T21:12:38","date_gmt":"2017-02-26T20:12:38","guid":{"rendered":"http:\/\/residencecappella.ch\/de\/?page_id=1690"},"modified":"2017-02-27T10:22:29","modified_gmt":"2017-02-27T09:22:29","slug":"tosca-de-17","status":"publish","type":"page","link":"https:\/\/residencecappella.ch\/de\/haeuser-17\/tosca-de-17\/","title":{"rendered":"Tosca"},"content":{"rendered":"<h4>F\u00fcr 2 Personen<\/h4>\n<p>Intimes Studio mit Wohnzimmer, Kochecke und Sofa-Bett. Auf der Galerie: zwei Betten und eine Nasszelle (Lavabo, WC, Dusche). Sch\u00f6ner Garten in der N\u00e4he, direkter Zugang zu &#8222;Fra Angelico&#8220; m\u00f6glich.<\/p>\n<div id=\"isloaderfor-auoktx\" class=\"emgajxloader\"><\/div><div style=\"display: none;\" class=\"pagwrap-auoktx epgwrp\" id=\"nopagination\"><div class=\"easycontainer-auoktx easymedia_center lightboxauoktx emgclearfix emgpad\"><div style=\"width:120px; height:120px;\" class=\"easyitem hoverone view da-thumbs preloaderview fltr215\"><div class=\"iehand\"><a class=\"emg-cbox nofoobox\" href=\"https:\/\/residencecappella.ch\/wp-content\/uploads\/2015\/03\/DSC_0299.jpg\" title=\"\"><img  class=\"emglazy\" src=\"https:\/\/residencecappella.ch\/wp-content\/uploads\/2015\/03\/DSC_0299-120x120_l.jpg\" alt=\"DSC_0299\" \/><article class=\"da-animate da-slideFromRight\"><p class=\"emgfittext\"><\/p><div class=\"forspan\"><span class=\"zoom\"><\/span><\/div><\/article><\/a><\/div><\/div><div style=\"width:120px; height:120px;\" class=\"easyitem hoverone view da-thumbs preloaderview fltr215\"><div class=\"iehand\"><a class=\"emg-cbox nofoobox\" href=\"https:\/\/residencecappella.ch\/wp-content\/uploads\/2015\/03\/DSC_0015-2.jpg\" title=\"\"><img  class=\"emglazy\" src=\"https:\/\/residencecappella.ch\/wp-content\/uploads\/2015\/03\/DSC_0015-2-120x120_l.jpg\" alt=\"DSC_0015 2\" \/><article class=\"da-animate da-slideFromRight\"><p class=\"emgfittext\"><\/p><div class=\"forspan\"><span class=\"zoom\"><\/span><\/div><\/article><\/a><\/div><\/div><div style=\"width:120px; height:120px;\" class=\"easyitem hoverone view da-thumbs preloaderview fltr215\"><div class=\"iehand\"><a class=\"emg-cbox nofoobox\" href=\"https:\/\/residencecappella.ch\/wp-content\/uploads\/2015\/03\/appartamenti-031.jpg\" title=\"\"><img  class=\"emglazy\" src=\"https:\/\/residencecappella.ch\/wp-content\/uploads\/2015\/03\/appartamenti-031-120x120_l.jpg\" alt=\"Appartamenti 031\" \/><article class=\"da-animate da-slideFromRight\"><p class=\"emgfittext\"><\/p><div class=\"forspan\"><span class=\"zoom\"><\/span><\/div><\/article><\/a><\/div><\/div><div style=\"width:120px; height:120px;\" class=\"easyitem hoverone view da-thumbs preloaderview fltr215\"><div class=\"iehand\"><a class=\"emg-cbox nofoobox\" href=\"https:\/\/residencecappella.ch\/wp-content\/uploads\/2015\/03\/appartamenti-0301.jpg\" title=\"\"><img  class=\"emglazy\" src=\"https:\/\/residencecappella.ch\/wp-content\/uploads\/2015\/03\/appartamenti-0301-120x120_l.jpg\" alt=\"Appartamenti 0301\" \/><article class=\"da-animate da-slideFromRight\"><p class=\"emgfittext\"><\/p><div class=\"forspan\"><span class=\"zoom\"><\/span><\/div><\/article><\/a><\/div><\/div>\r\n<div style=\"clear:both;\"><\/div><\/div><\/div><style type=\"text\/css\">\n.pagwrap-auoktx .preloaderview {min-width: 60px;min-height: 60px;}\n<\/style>\n<script type=\"text\/javascript\">\njQuery(document).ready(function($) {var $container = $('.easycontainer-auoktx');var $win = $(window);$container.emgisotope({itemSelector: '.easyitem',filter: '*',transformsEnabled: true,onLayout: function() {$win.trigger(\"scroll\");}});var $optionSets = $('.isofilcont-auoktx .emgoption-set'),$optionLinks = $optionSets.find('li'); \/\/@since 1.5.0.3\n$optionLinks.click(function(){var $this = $(this);if ( $this.hasClass('selected') ) {return false;}\nvar $optionSet = $this.parents('.emgoption-set');$optionSet.find('.selected').removeClass('selected');$this.addClass('selected');var options = {},key = $optionSet.attr('data-option-key'),value = $this.attr('data-option-value');value = value === 'false' ? false : value;options[ key ] = value;if ( key === 'layoutMode') {if ( typeof changeLayoutMode === 'function' ) {changeLayoutMode( $this, options )}} else {$container.emgisotope( options );}\nreturn false;});var imgLoad = emgimagesLoaded( jQuery(\".pagwrap-auoktx .iehand img\") );imgLoad.on( 'progress', function( instance, image ) {jQuery(image.img).readyLoad({ elementId: \"auoktx\", isPagination: '', isLazyload: 0, imageCount: \"4\" });});jQuery(\".pagwrap-auoktx\").fadeIn(1000);jQuery(\"#isloaderfor-auoktx\").hide();try {jQuery(\".easycontainer-auoktx\").emgisotope( 'reLayout' );} catch(e) {return true;}});<\/script><script type=\"text\/javascript\">\njQuery(document).ready(function() {jQuery(\".emg-cbox\").colorbox({current: \"{current} \/ {total}\",rel:'emg-cbox',returnFocus: false,slideshow: true,slideshowSpeed: 7000,scrolling: false,speed: 500,photo: true,fadeOut: 500,maxWidth: \"90%\",maxHeight: \"90%\",onComplete:function(){if(jQuery(\"#cboxTitle\").text().length > 1) {jQuery(\"#cboxTitle\").css(\"width\", jQuery(\".cboxPhoto\").width()-9);jQuery(\"#cboxTitle\").hide();jQuery(\"#cboxTitle\").fadeIn(500);} else {jQuery(\"#cboxTitle\").hide();}}});});<\/script>\n<h4>PLAN TOSCA<\/h4>\n<p><a href=\"http:\/\/residencecappella.ch\/wp-content\/uploads\/2015\/03\/tosca_plan1.png\"><img loading=\"lazy\" class=\"alignnone wp-image-869\" src=\"http:\/\/residencecappella.ch\/wp-content\/uploads\/2015\/03\/tosca_plan1.png\" alt=\"tosca_plan\" width=\"648\" height=\"263\" srcset=\"https:\/\/residencecappella.ch\/wp-content\/uploads\/2015\/03\/tosca_plan1.png 1100w, https:\/\/residencecappella.ch\/wp-content\/uploads\/2015\/03\/tosca_plan1-300x122.png 300w, https:\/\/residencecappella.ch\/wp-content\/uploads\/2015\/03\/tosca_plan1-1024x415.png 1024w\" sizes=\"(max-width: 648px) 100vw, 648px\" \/><\/a><\/p>\n<h4>VERF\u00dcGBARKEIT<\/h4>\n<div id='calendar_booking_unselectable6'><\/div><div style=\"clear:both;height:10px;\"><\/div><div class=\"bk_calendar_frame months_num_in_row_ cal_month_num_3\" style=\"width:852px;\"><div id=\"calendar_booking6\">Kalender wird geladen...<\/div><\/div><textarea id=\"date_booking6\" name=\"date_booking6\" autocomplete=\"off\" style=\"display:none;\"><\/textarea><div class=\"block_hints datepick\"><div class=\"wpdev_hint_with_text\"><div class=\"block_free datepick-days-cell\"><a>18<\/a><\/div><div class=\"block_text\">- Frei<\/div><\/div><div class=\"wpdev_hint_with_text\"><div class=\"block_booked date_approved\">18<\/div><div class=\"block_text\">- Besetzt<\/div><\/div><\/div><div class=\"wpdev_clear_hint\"><\/div> <script type='text\/javascript'>  jQuery(document).ready( function(){  date_admin_blank[6] = [];  date2approve[6] = [];  var date_approved_par = [];  init_datepick_cal('6', date_approved_par, 3 , 1, [2015,5]   );  }); <\/script>\n","protected":false},"excerpt":{"rendered":"<p>F\u00fcr 2 Personen Intimes Studio mit Wohnzimmer, Kochecke und Sofa-Bett. Auf der Galerie: zwei Betten und eine Nasszelle (Lavabo, WC, Dusche). Sch\u00f6ner Garten in der N\u00e4he, direkter Zugang zu &#8222;Fra Angelico&#8220; m\u00f6glich. PLAN TOSCA VERF\u00dcGBARKEIT<\/p>\n","protected":false},"author":1,"featured_media":0,"parent":1666,"menu_order":6,"comment_status":"closed","ping_status":"closed","template":"","meta":[],"_links":{"self":[{"href":"https:\/\/residencecappella.ch\/de\/wp-json\/wp\/v2\/pages\/1690\/"}],"collection":[{"href":"https:\/\/residencecappella.ch\/de\/wp-json\/wp\/v2\/pages\/"}],"about":[{"href":"https:\/\/residencecappella.ch\/de\/wp-json\/wp\/v2\/types\/page\/"}],"author":[{"embeddable":true,"href":"https:\/\/residencecappella.ch\/de\/wp-json\/wp\/v2\/users\/1\/"}],"replies":[{"embeddable":true,"href":"https:\/\/residencecappella.ch\/de\/wp-json\/wp\/v2\/comments\/?post=1690"}],"version-history":[{"count":2,"href":"https:\/\/residencecappella.ch\/de\/wp-json\/wp\/v2\/pages\/1690\/revisions\/"}],"predecessor-version":[{"id":1804,"href":"https:\/\/residencecappella.ch\/de\/wp-json\/wp\/v2\/pages\/1690\/revisions\/1804\/"}],"up":[{"embeddable":true,"href":"https:\/\/residencecappella.ch\/de\/wp-json\/wp\/v2\/pages\/1666\/"}],"wp:attachment":[{"href":"https:\/\/residencecappella.ch\/de\/wp-json\/wp\/v2\/media\/?parent=1690"}],"curies":[{"name":"wp","href":"https:\/\/api.w.org\/{rel}","templated":true}]}}