{"id":1682,"date":"2017-02-26T21:11:28","date_gmt":"2017-02-26T20:11:28","guid":{"rendered":"http:\/\/residencecappella.ch\/de\/?page_id=1682"},"modified":"2017-02-27T10:21:47","modified_gmt":"2017-02-27T09:21:47","slug":"la-volpe-de-17","status":"publish","type":"page","link":"https:\/\/residencecappella.ch\/de\/haeuser-17\/la-volpe-de-17\/","title":{"rendered":"La Volpe"},"content":{"rendered":"<h4>F\u00fcr 2 Personen<\/h4>\n<p>Intime Wohnung auf einem Stock. Schlafzimmer mit Doppelbett, Nasszelle (Lavabo, WC, Dusche), K\u00fcche mit Kamin und Zugang zu einer herrlichen, schattigen Terrasse mit sch\u00f6ner Aussicht.<\/p>\n<div id=\"isloaderfor-qvhaek\" class=\"emgajxloader\"><\/div><div style=\"display: none;\" class=\"pagwrap-qvhaek epgwrp\" id=\"nopagination\"><div class=\"easycontainer-qvhaek easymedia_center lightboxqvhaek emgclearfix emgpad\"><div style=\"width:120px; height:120px;\" class=\"easyitem hoverone view da-thumbs preloaderview fltr198\"><div class=\"iehand\"><a class=\"emg-cbox nofoobox\" href=\"https:\/\/residencecappella.ch\/wp-content\/uploads\/2015\/03\/appartamenti-008.jpg\" title=\"\"><img  class=\"emglazy\" src=\"https:\/\/residencecappella.ch\/wp-content\/uploads\/2015\/03\/appartamenti-008-120x120_l.jpg\" alt=\"Appartamenti 008\" \/><article class=\"da-animate da-slideFromRight\"><p class=\"emgfittext\"><\/p><div class=\"forspan\"><span class=\"zoom\"><\/span><\/div><\/article><\/a><\/div><\/div><div style=\"width:120px; height:120px;\" class=\"easyitem hoverone view da-thumbs preloaderview fltr198\"><div class=\"iehand\"><a class=\"emg-cbox nofoobox\" href=\"https:\/\/residencecappella.ch\/wp-content\/uploads\/2015\/03\/appartamenti-001.jpg\" title=\"\"><img  class=\"emglazy\" src=\"https:\/\/residencecappella.ch\/wp-content\/uploads\/2015\/03\/appartamenti-001-120x120_l.jpg\" alt=\"Appartamenti 001\" \/><article class=\"da-animate da-slideFromRight\"><p class=\"emgfittext\"><\/p><div class=\"forspan\"><span class=\"zoom\"><\/span><\/div><\/article><\/a><\/div><\/div><div style=\"width:120px; height:120px;\" class=\"easyitem hoverone view da-thumbs preloaderview fltr198\"><div class=\"iehand\"><a class=\"emg-cbox nofoobox\" href=\"https:\/\/residencecappella.ch\/wp-content\/uploads\/2015\/03\/050106-023.jpg\" title=\"\"><img  class=\"emglazy\" src=\"https:\/\/residencecappella.ch\/wp-content\/uploads\/2015\/03\/050106-023-120x120_l.jpg\" alt=\"050106 023\" \/><article class=\"da-animate da-slideFromRight\"><p class=\"emgfittext\"><\/p><div class=\"forspan\"><span class=\"zoom\"><\/span><\/div><\/article><\/a><\/div><\/div><div style=\"width:120px; height:120px;\" class=\"easyitem hoverone view da-thumbs preloaderview fltr198\"><div class=\"iehand\"><a class=\"emg-cbox nofoobox\" href=\"https:\/\/residencecappella.ch\/wp-content\/uploads\/2015\/03\/050106-020.jpg\" title=\"\"><img  class=\"emglazy\" src=\"https:\/\/residencecappella.ch\/wp-content\/uploads\/2015\/03\/050106-020-120x120_l.jpg\" alt=\"050106 020\" \/><article class=\"da-animate da-slideFromRight\"><p class=\"emgfittext\"><\/p><div class=\"forspan\"><span class=\"zoom\"><\/span><\/div><\/article><\/a><\/div><\/div><div style=\"width:120px; height:120px;\" class=\"easyitem hoverone view da-thumbs preloaderview fltr198\"><div class=\"iehand\"><a class=\"emg-cbox nofoobox\" href=\"https:\/\/residencecappella.ch\/wp-content\/uploads\/2015\/03\/2011.01.20-0231.jpg\" title=\"\"><img  class=\"emglazy\" src=\"https:\/\/residencecappella.ch\/wp-content\/uploads\/2015\/03\/2011.01.20-0231-120x120_l.jpg\" alt=\"2011.01.20 0231\" \/><article class=\"da-animate da-slideFromRight\"><p class=\"emgfittext\"><\/p><div class=\"forspan\"><span class=\"zoom\"><\/span><\/div><\/article><\/a><\/div><\/div>\r\n<div style=\"clear:both;\"><\/div><\/div><\/div><style type=\"text\/css\">\n.pagwrap-qvhaek .preloaderview {min-width: 60px;min-height: 60px;}\n<\/style>\n<script type=\"text\/javascript\">\njQuery(document).ready(function($) {var $container = $('.easycontainer-qvhaek');var $win = $(window);$container.emgisotope({itemSelector: '.easyitem',filter: '*',transformsEnabled: true,onLayout: function() {$win.trigger(\"scroll\");}});var $optionSets = $('.isofilcont-qvhaek .emgoption-set'),$optionLinks = $optionSets.find('li'); \/\/@since 1.5.0.3\n$optionLinks.click(function(){var $this = $(this);if ( $this.hasClass('selected') ) {return false;}\nvar $optionSet = $this.parents('.emgoption-set');$optionSet.find('.selected').removeClass('selected');$this.addClass('selected');var options = {},key = $optionSet.attr('data-option-key'),value = $this.attr('data-option-value');value = value === 'false' ? false : value;options[ key ] = value;if ( key === 'layoutMode') {if ( typeof changeLayoutMode === 'function' ) {changeLayoutMode( $this, options )}} else {$container.emgisotope( options );}\nreturn false;});var imgLoad = emgimagesLoaded( jQuery(\".pagwrap-qvhaek .iehand img\") );imgLoad.on( 'progress', function( instance, image ) {jQuery(image.img).readyLoad({ elementId: \"qvhaek\", isPagination: '', isLazyload: 0, imageCount: \"5\" });});jQuery(\".pagwrap-qvhaek\").fadeIn(1000);jQuery(\"#isloaderfor-qvhaek\").hide();try {jQuery(\".easycontainer-qvhaek\").emgisotope( 'reLayout' );} catch(e) {return true;}});<\/script><script type=\"text\/javascript\">\njQuery(document).ready(function() {jQuery(\".emg-cbox\").colorbox({current: \"{current} \/ {total}\",rel:'emg-cbox',returnFocus: false,slideshow: true,slideshowSpeed: 7000,scrolling: false,speed: 500,photo: true,fadeOut: 500,maxWidth: \"90%\",maxHeight: \"90%\",onComplete:function(){if(jQuery(\"#cboxTitle\").text().length > 1) {jQuery(\"#cboxTitle\").css(\"width\", jQuery(\".cboxPhoto\").width()-9);jQuery(\"#cboxTitle\").hide();jQuery(\"#cboxTitle\").fadeIn(500);} else {jQuery(\"#cboxTitle\").hide();}}});});<\/script>\n<h4>PLAN LA VOLPE<\/h4>\n<p><a href=\"http:\/\/residencecappella.ch\/wp-content\/uploads\/2015\/03\/La-volpe.png\"><img loading=\"lazy\" class=\"alignnone wp-image-673\" src=\"http:\/\/residencecappella.ch\/wp-content\/uploads\/2015\/03\/La-volpe.png\" alt=\"La-volpe\" width=\"314\" height=\"488\" srcset=\"https:\/\/residencecappella.ch\/wp-content\/uploads\/2015\/03\/La-volpe.png 707w, https:\/\/residencecappella.ch\/wp-content\/uploads\/2015\/03\/La-volpe-193x300.png 193w, https:\/\/residencecappella.ch\/wp-content\/uploads\/2015\/03\/La-volpe-658x1024.png 658w\" sizes=\"(max-width: 314px) 100vw, 314px\" \/><\/a><\/p>\n<h4>VERF\u00dcGBARKEIT<\/h4>\n<div id='calendar_booking_unselectable4'><\/div><div style=\"clear:both;height:10px;\"><\/div><div class=\"bk_calendar_frame months_num_in_row_ cal_month_num_3\" style=\"width:852px;\"><div id=\"calendar_booking4\">Kalender wird geladen...<\/div><\/div><textarea id=\"date_booking4\" name=\"date_booking4\" autocomplete=\"off\" style=\"display:none;\"><\/textarea><div class=\"block_hints datepick\"><div class=\"wpdev_hint_with_text\"><div class=\"block_free datepick-days-cell\"><a>18<\/a><\/div><div class=\"block_text\">- Frei<\/div><\/div><div class=\"wpdev_hint_with_text\"><div class=\"block_booked date_approved\">18<\/div><div class=\"block_text\">- Besetzt<\/div><\/div><\/div><div class=\"wpdev_clear_hint\"><\/div> <script type='text\/javascript'>  jQuery(document).ready( function(){  date_admin_blank[4] = [];  date2approve[4] = [];  var date_approved_par = [];  init_datepick_cal('4', date_approved_par, 3 , 1, [2015,5]   );  }); <\/script>\n","protected":false},"excerpt":{"rendered":"<p>F\u00fcr 2 Personen Intime Wohnung auf einem Stock. Schlafzimmer mit Doppelbett, Nasszelle (Lavabo, WC, Dusche), K\u00fcche mit Kamin und Zugang zu einer herrlichen, schattigen Terrasse mit sch\u00f6ner Aussicht. PLAN LA VOLPE VERF\u00dcGBARKEIT<\/p>\n","protected":false},"author":1,"featured_media":0,"parent":1666,"menu_order":4,"comment_status":"closed","ping_status":"closed","template":"","meta":[],"_links":{"self":[{"href":"https:\/\/residencecappella.ch\/de\/wp-json\/wp\/v2\/pages\/1682\/"}],"collection":[{"href":"https:\/\/residencecappella.ch\/de\/wp-json\/wp\/v2\/pages\/"}],"about":[{"href":"https:\/\/residencecappella.ch\/de\/wp-json\/wp\/v2\/types\/page\/"}],"author":[{"embeddable":true,"href":"https:\/\/residencecappella.ch\/de\/wp-json\/wp\/v2\/users\/1\/"}],"replies":[{"embeddable":true,"href":"https:\/\/residencecappella.ch\/de\/wp-json\/wp\/v2\/comments\/?post=1682"}],"version-history":[{"count":2,"href":"https:\/\/residencecappella.ch\/de\/wp-json\/wp\/v2\/pages\/1682\/revisions\/"}],"predecessor-version":[{"id":1802,"href":"https:\/\/residencecappella.ch\/de\/wp-json\/wp\/v2\/pages\/1682\/revisions\/1802\/"}],"up":[{"embeddable":true,"href":"https:\/\/residencecappella.ch\/de\/wp-json\/wp\/v2\/pages\/1666\/"}],"wp:attachment":[{"href":"https:\/\/residencecappella.ch\/de\/wp-json\/wp\/v2\/media\/?parent=1682"}],"curies":[{"name":"wp","href":"https:\/\/api.w.org\/{rel}","templated":true}]}}