{"id":1674,"date":"2017-02-26T21:10:30","date_gmt":"2017-02-26T20:10:30","guid":{"rendered":"http:\/\/residencecappella.ch\/de\/?page_id=1674"},"modified":"2017-02-27T10:21:14","modified_gmt":"2017-02-27T09:21:14","slug":"fra-angelico-de-17","status":"publish","type":"page","link":"https:\/\/residencecappella.ch\/de\/haeuser-17\/fra-angelico-de-17\/","title":{"rendered":"FRA ANGELICO"},"content":{"rendered":"<h4>F\u00fcr 6-7 Personen<\/h4>\n<p>Charmantes, l\u00e4ndliches Geb\u00e4ude, einseitig angebaut an Tosca.<\/p>\n<p>Im Erdgeschoss: Grosse K\u00fcche mit einem Kamin, ein grosses Schlafzimmer mit zwei Betten, Dusche mit Lavabo und WC. Im 1. Stock: zwei sch\u00f6ne Schlafzimmer mit je zwei Betten und einer Nasszelle (Lavabo, WC, Dusche).<\/p>\n<div id=\"isloaderfor-bcjwuw\" class=\"emgajxloader\"><\/div><div style=\"display: none;\" class=\"pagwrap-bcjwuw epgwrp\" id=\"nopagination\"><div class=\"easycontainer-bcjwuw easymedia_center lightboxbcjwuw emgclearfix emgpad\"><div style=\"width:120px; height:120px;\" class=\"easyitem hoverone view da-thumbs preloaderview fltr177\"><div class=\"iehand\"><a class=\"emg-cbox nofoobox\" href=\"https:\/\/residencecappella.ch\/wp-content\/uploads\/2015\/03\/Fra-Angelico-terrasse-41.jpg\" title=\"\"><img  class=\"emglazy\" src=\"https:\/\/residencecappella.ch\/wp-content\/uploads\/2015\/03\/Fra-Angelico-terrasse-41-120x120_l.jpg\" alt=\"Fra Angelico Terrasse 41\" \/><article class=\"da-animate da-slideFromRight\"><p class=\"emgfittext\"><\/p><div class=\"forspan\"><span class=\"zoom\"><\/span><\/div><\/article><\/a><\/div><\/div><div style=\"width:120px; height:120px;\" class=\"easyitem hoverone view da-thumbs preloaderview fltr177\"><div class=\"iehand\"><a class=\"emg-cbox nofoobox\" href=\"https:\/\/residencecappella.ch\/wp-content\/uploads\/2015\/03\/appartamenti-061.jpg\" title=\"\"><img  class=\"emglazy\" src=\"https:\/\/residencecappella.ch\/wp-content\/uploads\/2015\/03\/appartamenti-061-120x120_l.jpg\" alt=\"Appartamenti 061\" \/><article class=\"da-animate da-slideFromRight\"><p class=\"emgfittext\"><\/p><div class=\"forspan\"><span class=\"zoom\"><\/span><\/div><\/article><\/a><\/div><\/div><div style=\"width:120px; height:120px;\" class=\"easyitem hoverone view da-thumbs preloaderview fltr177\"><div class=\"iehand\"><a class=\"emg-cbox nofoobox\" href=\"https:\/\/residencecappella.ch\/wp-content\/uploads\/2015\/03\/appartamenti-059.jpg\" title=\"\"><img  class=\"emglazy\" src=\"https:\/\/residencecappella.ch\/wp-content\/uploads\/2015\/03\/appartamenti-059-120x120_l.jpg\" alt=\"Appartamenti 059\" \/><article class=\"da-animate da-slideFromRight\"><p class=\"emgfittext\"><\/p><div class=\"forspan\"><span class=\"zoom\"><\/span><\/div><\/article><\/a><\/div><\/div><div style=\"width:120px; height:120px;\" class=\"easyitem hoverone view da-thumbs preloaderview fltr177\"><div class=\"iehand\"><a class=\"emg-cbox nofoobox\" href=\"https:\/\/residencecappella.ch\/wp-content\/uploads\/2015\/03\/appartamenti-056.jpg\" title=\"\"><img  class=\"emglazy\" src=\"https:\/\/residencecappella.ch\/wp-content\/uploads\/2015\/03\/appartamenti-056-120x120_l.jpg\" alt=\"Appartamenti 056\" \/><article class=\"da-animate da-slideFromRight\"><p class=\"emgfittext\"><\/p><div class=\"forspan\"><span class=\"zoom\"><\/span><\/div><\/article><\/a><\/div><\/div><div style=\"width:120px; height:120px;\" class=\"easyitem hoverone view da-thumbs preloaderview fltr177\"><div class=\"iehand\"><a class=\"emg-cbox nofoobox\" href=\"https:\/\/residencecappella.ch\/wp-content\/uploads\/2015\/03\/2011.01.20-016.jpg\" title=\"\"><img  class=\"emglazy\" src=\"https:\/\/residencecappella.ch\/wp-content\/uploads\/2015\/03\/2011.01.20-016-120x120_l.jpg\" alt=\"2011.01.20 016\" \/><article class=\"da-animate da-slideFromRight\"><p class=\"emgfittext\"><\/p><div class=\"forspan\"><span class=\"zoom\"><\/span><\/div><\/article><\/a><\/div><\/div><div style=\"width:120px; height:120px;\" class=\"easyitem hoverone view da-thumbs preloaderview fltr177\"><div class=\"iehand\"><a class=\"emg-cbox nofoobox\" href=\"https:\/\/residencecappella.ch\/wp-content\/uploads\/2015\/03\/2011.01.20-015.jpg\" title=\"\"><img  class=\"emglazy\" src=\"https:\/\/residencecappella.ch\/wp-content\/uploads\/2015\/03\/2011.01.20-015-120x120_l.jpg\" alt=\"2011.01.20 015\" \/><article class=\"da-animate da-slideFromRight\"><p class=\"emgfittext\"><\/p><div class=\"forspan\"><span class=\"zoom\"><\/span><\/div><\/article><\/a><\/div><\/div>\r\n<div style=\"clear:both;\"><\/div><\/div><\/div><style type=\"text\/css\">\n.pagwrap-bcjwuw .preloaderview {min-width: 60px;min-height: 60px;}\n<\/style>\n<script type=\"text\/javascript\">\njQuery(document).ready(function($) {var $container = $('.easycontainer-bcjwuw');var $win = $(window);$container.emgisotope({itemSelector: '.easyitem',filter: '*',transformsEnabled: true,onLayout: function() {$win.trigger(\"scroll\");}});var $optionSets = $('.isofilcont-bcjwuw .emgoption-set'),$optionLinks = $optionSets.find('li'); \/\/@since 1.5.0.3\n$optionLinks.click(function(){var $this = $(this);if ( $this.hasClass('selected') ) {return false;}\nvar $optionSet = $this.parents('.emgoption-set');$optionSet.find('.selected').removeClass('selected');$this.addClass('selected');var options = {},key = $optionSet.attr('data-option-key'),value = $this.attr('data-option-value');value = value === 'false' ? false : value;options[ key ] = value;if ( key === 'layoutMode') {if ( typeof changeLayoutMode === 'function' ) {changeLayoutMode( $this, options )}} else {$container.emgisotope( options );}\nreturn false;});var imgLoad = emgimagesLoaded( jQuery(\".pagwrap-bcjwuw .iehand img\") );imgLoad.on( 'progress', function( instance, image ) {jQuery(image.img).readyLoad({ elementId: \"bcjwuw\", isPagination: '', isLazyload: 0, imageCount: \"6\" });});jQuery(\".pagwrap-bcjwuw\").fadeIn(1000);jQuery(\"#isloaderfor-bcjwuw\").hide();try {jQuery(\".easycontainer-bcjwuw\").emgisotope( 'reLayout' );} catch(e) {return true;}});<\/script><script type=\"text\/javascript\">\njQuery(document).ready(function() {jQuery(\".emg-cbox\").colorbox({current: \"{current} \/ {total}\",rel:'emg-cbox',returnFocus: false,slideshow: true,slideshowSpeed: 7000,scrolling: false,speed: 500,photo: true,fadeOut: 500,maxWidth: \"90%\",maxHeight: \"90%\",onComplete:function(){if(jQuery(\"#cboxTitle\").text().length > 1) {jQuery(\"#cboxTitle\").css(\"width\", jQuery(\".cboxPhoto\").width()-9);jQuery(\"#cboxTitle\").hide();jQuery(\"#cboxTitle\").fadeIn(500);} else {jQuery(\"#cboxTitle\").hide();}}});});<\/script>\n<h4>PLAN FRA ANGELICO<\/h4>\n<p><a href=\"http:\/\/residencecappella.ch\/wp-content\/uploads\/2015\/03\/Fra-angelico_plan.png\"><img loading=\"lazy\" class=\"alignnone wp-image-663\" src=\"http:\/\/residencecappella.ch\/wp-content\/uploads\/2015\/03\/Fra-angelico_plan.png\" alt=\"Fra-angelico_plan\" width=\"648\" height=\"395\" srcset=\"https:\/\/residencecappella.ch\/wp-content\/uploads\/2015\/03\/Fra-angelico_plan.png 1100w, https:\/\/residencecappella.ch\/wp-content\/uploads\/2015\/03\/Fra-angelico_plan-300x183.png 300w, https:\/\/residencecappella.ch\/wp-content\/uploads\/2015\/03\/Fra-angelico_plan-1024x625.png 1024w\" sizes=\"(max-width: 648px) 100vw, 648px\" \/><\/a><\/p>\n<h4>VERF\u00dcGBARKEIT<\/h4>\n<div id='calendar_booking_unselectable2'><\/div><div style=\"clear:both;height:10px;\"><\/div><div class=\"bk_calendar_frame months_num_in_row_ cal_month_num_3\" style=\"width:852px;\"><div id=\"calendar_booking2\">Kalender wird geladen...<\/div><\/div><textarea id=\"date_booking2\" name=\"date_booking2\" autocomplete=\"off\" style=\"display:none;\"><\/textarea><div class=\"block_hints datepick\"><div class=\"wpdev_hint_with_text\"><div class=\"block_free datepick-days-cell\"><a>18<\/a><\/div><div class=\"block_text\">- Frei<\/div><\/div><div class=\"wpdev_hint_with_text\"><div class=\"block_booked date_approved\">18<\/div><div class=\"block_text\">- Besetzt<\/div><\/div><\/div><div class=\"wpdev_clear_hint\"><\/div> <script type='text\/javascript'>  jQuery(document).ready( function(){  date_admin_blank[2] = [];  date2approve[2] = [];  var date_approved_par = [];  init_datepick_cal('2', date_approved_par, 3 , 1, [2015,5]   );  }); <\/script>\n","protected":false},"excerpt":{"rendered":"<p>F\u00fcr 6-7 Personen Charmantes, l\u00e4ndliches Geb\u00e4ude, einseitig angebaut an Tosca. Im Erdgeschoss: Grosse K\u00fcche mit einem Kamin, ein grosses Schlafzimmer mit zwei Betten, Dusche mit Lavabo und WC. Im 1. Stock: zwei sch\u00f6ne Schlafzimmer mit je zwei Betten und einer Nasszelle (Lavabo, WC, Dusche). PLAN FRA ANGELICO VERF\u00dcGBARKEIT<\/p>\n","protected":false},"author":1,"featured_media":0,"parent":1666,"menu_order":2,"comment_status":"closed","ping_status":"closed","template":"","meta":[],"_links":{"self":[{"href":"https:\/\/residencecappella.ch\/de\/wp-json\/wp\/v2\/pages\/1674\/"}],"collection":[{"href":"https:\/\/residencecappella.ch\/de\/wp-json\/wp\/v2\/pages\/"}],"about":[{"href":"https:\/\/residencecappella.ch\/de\/wp-json\/wp\/v2\/types\/page\/"}],"author":[{"embeddable":true,"href":"https:\/\/residencecappella.ch\/de\/wp-json\/wp\/v2\/users\/1\/"}],"replies":[{"embeddable":true,"href":"https:\/\/residencecappella.ch\/de\/wp-json\/wp\/v2\/comments\/?post=1674"}],"version-history":[{"count":2,"href":"https:\/\/residencecappella.ch\/de\/wp-json\/wp\/v2\/pages\/1674\/revisions\/"}],"predecessor-version":[{"id":1800,"href":"https:\/\/residencecappella.ch\/de\/wp-json\/wp\/v2\/pages\/1674\/revisions\/1800\/"}],"up":[{"embeddable":true,"href":"https:\/\/residencecappella.ch\/de\/wp-json\/wp\/v2\/pages\/1666\/"}],"wp:attachment":[{"href":"https:\/\/residencecappella.ch\/de\/wp-json\/wp\/v2\/media\/?parent=1674"}],"curies":[{"name":"wp","href":"https:\/\/api.w.org\/{rel}","templated":true}]}}