{"id":1670,"date":"2017-02-26T21:09:57","date_gmt":"2017-02-26T20:09:57","guid":{"rendered":"http:\/\/residencecappella.ch\/de\/?page_id=1670"},"modified":"2017-02-26T23:35:23","modified_gmt":"2017-02-26T22:35:23","slug":"botticelli-de-17","status":"publish","type":"page","link":"https:\/\/residencecappella.ch\/de\/haeuser-17\/botticelli-de-17\/","title":{"rendered":"Botticelli"},"content":{"rendered":"<h4>F\u00fcr 6-7 Personen<\/h4>\n<p>Charmantes, l\u00e4ndliches Geb\u00e4ude mit sch\u00f6ner Aussicht.<br \/>\nIm Erdgeschoss: Offene K\u00fcche mit grossem Wohnzimmer und Holzofen. Im 1. Stock: drei Schlafzimmer mit je zwei Betten, zwei Nasszellen mit Dusche, Lavabo und WC. Ger\u00e4umige Terrasse mit gesch\u00fctztem Brot- und Pizzaofen.<\/p>\n<div id=\"isloaderfor-ydcuqb\" class=\"emgajxloader\"><\/div><div style=\"display: none;\" class=\"pagwrap-ydcuqb epgwrp\" id=\"nopagination\"><div class=\"easycontainer-ydcuqb easymedia_center lightboxydcuqb emgclearfix emgpad\"><div style=\"width:120px; height:120px;\" class=\"easyitem hoverone view da-thumbs preloaderview fltr152\"><div class=\"iehand\"><a class=\"emg-cbox nofoobox\" href=\"https:\/\/residencecappella.ch\/wp-content\/uploads\/2015\/03\/appartamenti-0142.jpg\" title=\"\"><img  class=\"emglazy\" src=\"https:\/\/residencecappella.ch\/wp-content\/uploads\/2015\/03\/appartamenti-0142-120x120_l.jpg\" alt=\"Appartamenti 0142\" \/><article class=\"da-animate da-slideFromRight\"><p class=\"emgfittext\"><\/p><div class=\"forspan\"><span class=\"zoom\"><\/span><\/div><\/article><\/a><\/div><\/div><div style=\"width:120px; height:120px;\" class=\"easyitem hoverone view da-thumbs preloaderview fltr152\"><div class=\"iehand\"><a class=\"emg-cbox nofoobox\" href=\"https:\/\/residencecappella.ch\/wp-content\/uploads\/2015\/03\/appartamenti-0151.jpg\" title=\"\"><img  class=\"emglazy\" src=\"https:\/\/residencecappella.ch\/wp-content\/uploads\/2015\/03\/appartamenti-0151-120x120_l.jpg\" alt=\"Appartamenti 0151\" \/><article class=\"da-animate da-slideFromRight\"><p class=\"emgfittext\"><\/p><div class=\"forspan\"><span class=\"zoom\"><\/span><\/div><\/article><\/a><\/div><\/div><div style=\"width:120px; height:120px;\" class=\"easyitem hoverone view da-thumbs preloaderview fltr152\"><div class=\"iehand\"><a class=\"emg-cbox nofoobox\" href=\"https:\/\/residencecappella.ch\/wp-content\/uploads\/2015\/03\/appartamenti-2141.jpg\" title=\"\"><img  class=\"emglazy\" src=\"https:\/\/residencecappella.ch\/wp-content\/uploads\/2015\/03\/appartamenti-2141-120x120_l.jpg\" alt=\"Appartamenti 2141\" \/><article class=\"da-animate da-slideFromRight\"><p class=\"emgfittext\"><\/p><div class=\"forspan\"><span class=\"zoom\"><\/span><\/div><\/article><\/a><\/div><\/div><div style=\"width:120px; height:120px;\" class=\"easyitem hoverone view da-thumbs preloaderview fltr152\"><div class=\"iehand\"><a class=\"emg-cbox nofoobox\" href=\"https:\/\/residencecappella.ch\/wp-content\/uploads\/2015\/03\/appartamenti-2181.jpg\" title=\"\"><img  class=\"emglazy\" src=\"https:\/\/residencecappella.ch\/wp-content\/uploads\/2015\/03\/appartamenti-2181-120x120_l.jpg\" alt=\"Appartamenti 2181\" \/><article class=\"da-animate da-slideFromRight\"><p class=\"emgfittext\"><\/p><div class=\"forspan\"><span class=\"zoom\"><\/span><\/div><\/article><\/a><\/div><\/div><div style=\"width:120px; height:120px;\" class=\"easyitem hoverone view da-thumbs preloaderview fltr152\"><div class=\"iehand\"><a class=\"emg-cbox nofoobox\" href=\"https:\/\/residencecappella.ch\/wp-content\/uploads\/2015\/03\/appartamenti-2211.jpg\" title=\"\"><img  class=\"emglazy\" src=\"https:\/\/residencecappella.ch\/wp-content\/uploads\/2015\/03\/appartamenti-2211-120x120_l.jpg\" alt=\"Appartamenti 2211\" \/><article class=\"da-animate da-slideFromRight\"><p class=\"emgfittext\"><\/p><div class=\"forspan\"><span class=\"zoom\"><\/span><\/div><\/article><\/a><\/div><\/div><div style=\"width:120px; height:120px;\" class=\"easyitem hoverone view da-thumbs preloaderview fltr152\"><div class=\"iehand\"><a class=\"emg-cbox nofoobox\" href=\"https:\/\/residencecappella.ch\/wp-content\/uploads\/2015\/03\/appartamenti-2231.jpg\" title=\"\"><img  class=\"emglazy\" src=\"https:\/\/residencecappella.ch\/wp-content\/uploads\/2015\/03\/appartamenti-2231-120x120_l.jpg\" alt=\"Appartamenti 2231\" \/><article class=\"da-animate da-slideFromRight\"><p class=\"emgfittext\"><\/p><div class=\"forspan\"><span class=\"zoom\"><\/span><\/div><\/article><\/a><\/div><\/div><div style=\"width:120px; height:120px;\" class=\"easyitem hoverone view da-thumbs preloaderview fltr152\"><div class=\"iehand\"><a class=\"emg-cbox nofoobox\" href=\"https:\/\/residencecappella.ch\/wp-content\/uploads\/2015\/03\/Botticelli-cam21.jpg\" title=\"\"><img  class=\"emglazy\" src=\"https:\/\/residencecappella.ch\/wp-content\/uploads\/2015\/03\/Botticelli-cam21-120x120_l.jpg\" alt=\"Botticelli Cam21\" \/><article class=\"da-animate da-slideFromRight\"><p class=\"emgfittext\"><\/p><div class=\"forspan\"><span class=\"zoom\"><\/span><\/div><\/article><\/a><\/div><\/div><div style=\"width:120px; height:120px;\" class=\"easyitem hoverone view da-thumbs preloaderview fltr152\"><div class=\"iehand\"><a class=\"emg-cbox nofoobox\" href=\"https:\/\/residencecappella.ch\/wp-content\/uploads\/2015\/03\/DSC_01801.jpg\" title=\"\"><img  class=\"emglazy\" src=\"https:\/\/residencecappella.ch\/wp-content\/uploads\/2015\/03\/DSC_01801-120x120_l.jpg\" alt=\"DSC_01801\" \/><article class=\"da-animate da-slideFromRight\"><p class=\"emgfittext\"><\/p><div class=\"forspan\"><span class=\"zoom\"><\/span><\/div><\/article><\/a><\/div><\/div>\r\n<div style=\"clear:both;\"><\/div><\/div><\/div><style type=\"text\/css\">\n.pagwrap-ydcuqb .preloaderview {min-width: 60px;min-height: 60px;}\n<\/style>\n<script type=\"text\/javascript\">\njQuery(document).ready(function($) {var $container = $('.easycontainer-ydcuqb');var $win = $(window);$container.emgisotope({itemSelector: '.easyitem',filter: '*',transformsEnabled: true,onLayout: function() {$win.trigger(\"scroll\");}});var $optionSets = $('.isofilcont-ydcuqb .emgoption-set'),$optionLinks = $optionSets.find('li'); \/\/@since 1.5.0.3\n$optionLinks.click(function(){var $this = $(this);if ( $this.hasClass('selected') ) {return false;}\nvar $optionSet = $this.parents('.emgoption-set');$optionSet.find('.selected').removeClass('selected');$this.addClass('selected');var options = {},key = $optionSet.attr('data-option-key'),value = $this.attr('data-option-value');value = value === 'false' ? false : value;options[ key ] = value;if ( key === 'layoutMode') {if ( typeof changeLayoutMode === 'function' ) {changeLayoutMode( $this, options )}} else {$container.emgisotope( options );}\nreturn false;});var imgLoad = emgimagesLoaded( jQuery(\".pagwrap-ydcuqb .iehand img\") );imgLoad.on( 'progress', function( instance, image ) {jQuery(image.img).readyLoad({ elementId: \"ydcuqb\", isPagination: '', isLazyload: 0, imageCount: \"8\" });});jQuery(\".pagwrap-ydcuqb\").fadeIn(1000);jQuery(\"#isloaderfor-ydcuqb\").hide();try {jQuery(\".easycontainer-ydcuqb\").emgisotope( 'reLayout' );} catch(e) {return true;}});<\/script><script type=\"text\/javascript\">\njQuery(document).ready(function() {jQuery(\".emg-cbox\").colorbox({current: \"{current} \/ {total}\",rel:'emg-cbox',returnFocus: false,slideshow: true,slideshowSpeed: 7000,scrolling: false,speed: 500,photo: true,fadeOut: 500,maxWidth: \"90%\",maxHeight: \"90%\",onComplete:function(){if(jQuery(\"#cboxTitle\").text().length > 1) {jQuery(\"#cboxTitle\").css(\"width\", jQuery(\".cboxPhoto\").width()-9);jQuery(\"#cboxTitle\").hide();jQuery(\"#cboxTitle\").fadeIn(500);} else {jQuery(\"#cboxTitle\").hide();}}});});<\/script>\n<h4><\/h4>\n<h4>PLAN BOTTICELLI<\/h4>\n<p><a href=\"http:\/\/residencecappella.ch\/wp-content\/uploads\/2015\/03\/Botticelli_plan.png\"><img loading=\"lazy\" class=\"alignnone wp-image-656\" src=\"http:\/\/residencecappella.ch\/wp-content\/uploads\/2015\/03\/Botticelli_plan.png\" alt=\"Botticelli_plan\" width=\"649\" height=\"358\" srcset=\"https:\/\/residencecappella.ch\/wp-content\/uploads\/2015\/03\/Botticelli_plan.png 1100w, https:\/\/residencecappella.ch\/wp-content\/uploads\/2015\/03\/Botticelli_plan-300x166.png 300w, https:\/\/residencecappella.ch\/wp-content\/uploads\/2015\/03\/Botticelli_plan-1024x565.png 1024w\" sizes=\"(max-width: 649px) 100vw, 649px\" \/><\/a><\/p>\n<h4>VERF\u00dcGBARKEIT<\/h4>\n<div id='calendar_booking_unselectable1'><\/div><div style=\"clear:both;height:10px;\"><\/div><div class=\"bk_calendar_frame months_num_in_row_ cal_month_num_3\" style=\"width:852px;\"><div id=\"calendar_booking1\">Kalender wird geladen...<\/div><\/div><textarea id=\"date_booking1\" name=\"date_booking1\" autocomplete=\"off\" style=\"display:none;\"><\/textarea><div class=\"block_hints datepick\"><div class=\"wpdev_hint_with_text\"><div class=\"block_free datepick-days-cell\"><a>18<\/a><\/div><div class=\"block_text\">- Frei<\/div><\/div><div class=\"wpdev_hint_with_text\"><div class=\"block_booked date_approved\">18<\/div><div class=\"block_text\">- Besetzt<\/div><\/div><\/div><div class=\"wpdev_clear_hint\"><\/div> <script type='text\/javascript'>  jQuery(document).ready( function(){  date_admin_blank[1] = [];  date2approve[1] = [];  var date_approved_par = [];  init_datepick_cal('1', date_approved_par, 3 , 1, [2015,5]   );  }); <\/script>\n","protected":false},"excerpt":{"rendered":"<p>F\u00fcr 6-7 Personen Charmantes, l\u00e4ndliches Geb\u00e4ude mit sch\u00f6ner Aussicht. Im Erdgeschoss: Offene K\u00fcche mit grossem Wohnzimmer und Holzofen. Im 1. Stock: drei Schlafzimmer mit je zwei Betten, zwei Nasszellen mit Dusche, Lavabo und WC. Ger\u00e4umige Terrasse mit gesch\u00fctztem Brot- und Pizzaofen. PLAN BOTTICELLI VERF\u00dcGBARKEIT<\/p>\n","protected":false},"author":1,"featured_media":0,"parent":1666,"menu_order":1,"comment_status":"closed","ping_status":"closed","template":"","meta":[],"_links":{"self":[{"href":"https:\/\/residencecappella.ch\/de\/wp-json\/wp\/v2\/pages\/1670\/"}],"collection":[{"href":"https:\/\/residencecappella.ch\/de\/wp-json\/wp\/v2\/pages\/"}],"about":[{"href":"https:\/\/residencecappella.ch\/de\/wp-json\/wp\/v2\/types\/page\/"}],"author":[{"embeddable":true,"href":"https:\/\/residencecappella.ch\/de\/wp-json\/wp\/v2\/users\/1\/"}],"replies":[{"embeddable":true,"href":"https:\/\/residencecappella.ch\/de\/wp-json\/wp\/v2\/comments\/?post=1670"}],"version-history":[{"count":2,"href":"https:\/\/residencecappella.ch\/de\/wp-json\/wp\/v2\/pages\/1670\/revisions\/"}],"predecessor-version":[{"id":1776,"href":"https:\/\/residencecappella.ch\/de\/wp-json\/wp\/v2\/pages\/1670\/revisions\/1776\/"}],"up":[{"embeddable":true,"href":"https:\/\/residencecappella.ch\/de\/wp-json\/wp\/v2\/pages\/1666\/"}],"wp:attachment":[{"href":"https:\/\/residencecappella.ch\/de\/wp-json\/wp\/v2\/media\/?parent=1670"}],"curies":[{"name":"wp","href":"https:\/\/api.w.org\/{rel}","templated":true}]}}