{"id":1662,"date":"2017-02-26T21:08:37","date_gmt":"2017-02-26T20:08:37","guid":{"rendered":"http:\/\/residencecappella.ch\/de\/?page_id=1662"},"modified":"2017-02-27T10:20:39","modified_gmt":"2017-02-27T09:20:39","slug":"verbringen-sie-ihren-urlaub-in-italien","status":"publish","type":"page","link":"https:\/\/residencecappella.ch\/de\/","title":{"rendered":"Verbringen Sie Ihren Urlaub in Italien"},"content":{"rendered":"<p>Eingebettet in die ersten Ausl\u00e4ufer der Apuanischen Alpen, geniesst die <strong>Residenz Cappella<\/strong> ein besonders angenehmes Mikroklima.<\/p>\n<p>Sie besteht aus mehreren H\u00e4usern und liegt mitten in einem ca. 70&#8217;000m\u00b2 grossen Olivenhain.<br \/>\nDie jahrhundertalten Geb\u00e4ude wurden in echt toskanischem Stil erbaut. Das Gut wird von einem vollamtlich angestellten Hausmeister unterhalten.<\/p>\n<p>Die Residenz Cappella beherbergt in 5 Geb\u00e4uden 7 Wohneinheiten, deren Namen an die grosse k\u00fcnstlerische Tradition der Toskana erinnern. Die Ausstattung ist einfach aber gepflegt, mit geschmackvoller, z. T. antik toskanischer M\u00f6blierung.<\/p>\n<p>Machen Sie einen Rundgang und entdecken Sie die verschiedenen Geb\u00e4ude und Wohneinheiten.<br \/>\nDie Ruhe der Residenz Cappella erf\u00fcllt hohe Anspr\u00fcche f\u00fcr erhohlungsuchende Naturliebhaber.<br \/>\nDie Residenz Cappella liegt in der Versilia, einer Gegend im Nordwesten der Toskana, zwischen dem Ligurischen Meer und den Apuanischen Alpen.<br \/>\nDank dem milden Klima und den Kultursch\u00e4tzen ist die Toskana eine beliebte Gegend f\u00fcr Aufenthalt und Erholung.<br \/>\nK\u00fcnstler sch\u00e4tzen das malerische Ambiente und die Ruhe der Residenz Cappella. Sie bietet vielf\u00e4ltige Motive und eine kreative Atmosph\u00e4re.<\/p>\n<p>Verkehrstechnisch ist die Region gut erschlossen: Anschluss ans Autobahnnetz und an die grossen, transitalienischen Eisenbahnlinien sowie zwei internationale Flugh\u00e4fen (Florenz und Pisa).<\/p>\n<h3>Umgebung<\/h3>\n<p>Die kleine, belebte, historische Stadt Camaiore ist in wenigen Autominuten erreichbar. Auch Pietrasanta mit seinen bedeutenden Marmorwerkst\u00e4tten und Viareggio, der lebhafte Badeort mit seinem ber\u00fchmten Karneval und dem Giacomo Puccini gewidmeten Sommermusikfestival, liegen in n\u00e4chster Umgebung.<\/p>\n<p><b>Die Cinque Terre<\/b>, mit ihren wilden Buchten und aussergew\u00f6hnlich sch\u00f6nen Spazierwegen sind in einer Autostunde erreichbar.<\/p>\n<p><b>Lucca<\/b>, dreissig Autominuten, <b>Pisa<\/b> f\u00fcnfundvierzig und <b>Florenz<\/b> 1 1\/2 Stunden entfernt, sind beliebte Ausflugsziele, die unsch\u00e4tzbare Kulturg\u00fcter beherbergen.<\/p>\n<p>&nbsp;<\/p>\n<p><iframe loading=\"lazy\" style=\"border: 0;\" src=\"https:\/\/www.google.com\/maps\/embed?pb=!1m18!1m12!1m3!1d2872.6627015749873!2d10.284720951583937!3d43.945653841384605!2m3!1f0!2f0!3f0!3m2!1i1024!2i768!4f13.1!3m3!1m2!1s0x12d57568be957659%3A0x935a28408e18da32!2sla+cappella!5e0!3m2!1sde!2sch!4v1487621698635\" width=\"100%\" height=\"250\" frameborder=\"0\" allowfullscreen=\"allowfullscreen\"><\/iframe><\/p>\n","protected":false},"excerpt":{"rendered":"<p>Eingebettet in die ersten Ausl\u00e4ufer der Apuanischen Alpen, geniesst die Residenz Cappella ein besonders angenehmes Mikroklima. Sie besteht aus mehreren H\u00e4usern und liegt mitten in einem ca. 70&#8217;000m\u00b2 grossen Olivenhain. Die jahrhundertalten Geb\u00e4ude wurden in echt toskanischem Stil erbaut. Das Gut wird von einem vollamtlich angestellten Hausmeister unterhalten. Die Residenz Cappella beherbergt in 5 Geb\u00e4uden [&hellip;]<\/p>\n","protected":false},"author":1,"featured_media":0,"parent":0,"menu_order":0,"comment_status":"closed","ping_status":"closed","template":"","meta":[],"_links":{"self":[{"href":"https:\/\/residencecappella.ch\/de\/wp-json\/wp\/v2\/pages\/1662\/"}],"collection":[{"href":"https:\/\/residencecappella.ch\/de\/wp-json\/wp\/v2\/pages\/"}],"about":[{"href":"https:\/\/residencecappella.ch\/de\/wp-json\/wp\/v2\/types\/page\/"}],"author":[{"embeddable":true,"href":"https:\/\/residencecappella.ch\/de\/wp-json\/wp\/v2\/users\/1\/"}],"replies":[{"embeddable":true,"href":"https:\/\/residencecappella.ch\/de\/wp-json\/wp\/v2\/comments\/?post=1662"}],"version-history":[{"count":2,"href":"https:\/\/residencecappella.ch\/de\/wp-json\/wp\/v2\/pages\/1662\/revisions\/"}],"predecessor-version":[{"id":1799,"href":"https:\/\/residencecappella.ch\/de\/wp-json\/wp\/v2\/pages\/1662\/revisions\/1799\/"}],"wp:attachment":[{"href":"https:\/\/residencecappella.ch\/de\/wp-json\/wp\/v2\/media\/?parent=1662"}],"curies":[{"name":"wp","href":"https:\/\/api.w.org\/{rel}","templated":true}]}}